

{"id":51133,"date":"2024-02-14T16:37:50","date_gmt":"2024-02-14T19:37:50","guid":{"rendered":"https:\/\/www.cne.cl\/prensa\/prensa-2024\/02-febrero-2024\/cne-llama-a-las-asociaciones-de-consumidores-a-que-se-refiere-la-ley-n-19-496-a-participar-en-audiencia-sobre-mecanismo-de-revision-de-precios-de-contratos-establecida-en-el-articulo-134-de-la-l\/"},"modified":"2024-05-16T16:12:37","modified_gmt":"2024-05-16T20:12:37","slug":"cne-llama-a-las-asociaciones-de-consumidores-a-que-se-refiere-la-ley-n-19-496-a-participar-en-audiencia-sobre-mecanismo-de-revision-de-precios-de-contratos-establecida-en-el-articulo-134-de-la-l","status":"publish","type":"page","link":"https:\/\/www.cne.cl\/en\/prensa\/prensa-2024\/02-febrero-2024\/cne-llama-a-las-asociaciones-de-consumidores-a-que-se-refiere-la-ley-n-19-496-a-participar-en-audiencia-sobre-mecanismo-de-revision-de-precios-de-contratos-establecida-en-el-articulo-134-de-la-l\/","title":{"rendered":"CNE llama a las asociaciones de consumidores a que se refiere la Ley N\u00b0 19.496 a participar en audiencia sobre mecanismo de revisi\u00f3n de precios de contratos establecida en el art\u00edculo 134 de la Ley General de Servicios El\u00e9ctricos"},"content":{"rendered":"<p class=\"qtranxs-available-languages-message qtranxs-available-languages-message-en\">Sorry, this entry is only available in <a href=\"https:\/\/www.cne.cl\/es\/wp-json\/wp\/v2\/pages\/51133\" class=\"qtranxs-available-language-link qtranxs-available-language-link-es\" title=\"Espa\u00f1ol\">European Spanish<\/a>.<\/p>","protected":false},"excerpt":{"rendered":"<p>Sorry, this entry is only available in European Spanish.<\/p>\n","protected":false},"author":3,"featured_media":0,"parent":50975,"menu_order":7,"comment_status":"closed","ping_status":"closed","template":"entrada-prensa.php","meta":[],"_links":{"self":[{"href":"https:\/\/www.cne.cl\/en\/wp-json\/wp\/v2\/pages\/51133"}],"collection":[{"href":"https:\/\/www.cne.cl\/en\/wp-json\/wp\/v2\/pages"}],"about":[{"href":"https:\/\/www.cne.cl\/en\/wp-json\/wp\/v2\/types\/page"}],"author":[{"embeddable":true,"href":"https:\/\/www.cne.cl\/en\/wp-json\/wp\/v2\/users\/3"}],"replies":[{"embeddable":true,"href":"https:\/\/www.cne.cl\/en\/wp-json\/wp\/v2\/comments?post=51133"}],"version-history":[{"count":3,"href":"https:\/\/www.cne.cl\/en\/wp-json\/wp\/v2\/pages\/51133\/revisions"}],"predecessor-version":[{"id":51793,"href":"https:\/\/www.cne.cl\/en\/wp-json\/wp\/v2\/pages\/51133\/revisions\/51793"}],"up":[{"embeddable":true,"href":"https:\/\/www.cne.cl\/en\/wp-json\/wp\/v2\/pages\/50975"}],"wp:attachment":[{"href":"https:\/\/www.cne.cl\/en\/wp-json\/wp\/v2\/media?parent=51133"}],"curies":[{"name":"wp","href":"https:\/\/api.w.org\/{rel}","templated":true}]}}