

{"id":51112,"date":"2024-02-12T08:57:52","date_gmt":"2024-02-12T11:57:52","guid":{"rendered":"https:\/\/www.cne.cl\/?page_id=51112"},"modified":"2024-07-05T15:51:49","modified_gmt":"2024-07-05T19:51:49","slug":"cne-publico-informe-tecnico-definitivo-de-propuesta-de-formulas-tarifarias-2020-2024","status":"publish","type":"page","link":"https:\/\/www.cne.cl\/en\/prensa\/prensa-2024\/02-febrero-2024\/cne-publico-informe-tecnico-definitivo-de-propuesta-de-formulas-tarifarias-2020-2024\/","title":{"rendered":"(Espa\u00f1ol) CNE public\u00f3 Informe T\u00e9cnico Definitivo de Propuesta de F\u00f3rmulas Tarifarias 2020-2024"},"content":{"rendered":"<p class=\"qtranxs-available-languages-message qtranxs-available-languages-message-en\">Sorry, this entry is only available in <a href=\"https:\/\/www.cne.cl\/es\/wp-json\/wp\/v2\/pages\/51112\" class=\"qtranxs-available-language-link qtranxs-available-language-link-es\" title=\"Espa\u00f1ol\">European Spanish<\/a>.<\/p>","protected":false},"excerpt":{"rendered":"<p>Sorry, this entry is only available in European Spanish.<\/p>\n","protected":false},"author":3,"featured_media":51113,"parent":50975,"menu_order":0,"comment_status":"closed","ping_status":"closed","template":"entrada-prensa.php","meta":[],"_links":{"self":[{"href":"https:\/\/www.cne.cl\/en\/wp-json\/wp\/v2\/pages\/51112"}],"collection":[{"href":"https:\/\/www.cne.cl\/en\/wp-json\/wp\/v2\/pages"}],"about":[{"href":"https:\/\/www.cne.cl\/en\/wp-json\/wp\/v2\/types\/page"}],"author":[{"embeddable":true,"href":"https:\/\/www.cne.cl\/en\/wp-json\/wp\/v2\/users\/3"}],"replies":[{"embeddable":true,"href":"https:\/\/www.cne.cl\/en\/wp-json\/wp\/v2\/comments?post=51112"}],"version-history":[{"count":3,"href":"https:\/\/www.cne.cl\/en\/wp-json\/wp\/v2\/pages\/51112\/revisions"}],"predecessor-version":[{"id":52356,"href":"https:\/\/www.cne.cl\/en\/wp-json\/wp\/v2\/pages\/51112\/revisions\/52356"}],"up":[{"embeddable":true,"href":"https:\/\/www.cne.cl\/en\/wp-json\/wp\/v2\/pages\/50975"}],"wp:featuredmedia":[{"embeddable":true,"href":"https:\/\/www.cne.cl\/en\/wp-json\/wp\/v2\/media\/51113"}],"wp:attachment":[{"href":"https:\/\/www.cne.cl\/en\/wp-json\/wp\/v2\/media?parent=51112"}],"curies":[{"name":"wp","href":"https:\/\/api.w.org\/{rel}","templated":true}]}}