

{"id":51088,"date":"2024-02-09T12:50:35","date_gmt":"2024-02-09T15:50:35","guid":{"rendered":"https:\/\/www.cne.cl\/?page_id=51088"},"modified":"2024-05-16T14:22:06","modified_gmt":"2024-05-16T18:22:06","slug":"cne-firmo-acuerdo-de-colaboracion-con-unidad-reguladora-de-servicios-de-energia-y-agua-de-uruguay","status":"publish","type":"page","link":"https:\/\/www.cne.cl\/en\/prensa\/prensa-2024\/02-febrero-2024\/cne-firmo-acuerdo-de-colaboracion-con-unidad-reguladora-de-servicios-de-energia-y-agua-de-uruguay\/","title":{"rendered":"(Espa\u00f1ol) CNE firm\u00f3 acuerdo de colaboraci\u00f3n con Unidad Reguladora de Servicios de Energ\u00eda y Agua de Uruguay"},"content":{"rendered":"<p class=\"qtranxs-available-languages-message qtranxs-available-languages-message-en\">Sorry, this entry is only available in <a href=\"https:\/\/www.cne.cl\/es\/wp-json\/wp\/v2\/pages\/51088\" class=\"qtranxs-available-language-link qtranxs-available-language-link-es\" title=\"Espa\u00f1ol\">European Spanish<\/a>.<\/p>","protected":false},"excerpt":{"rendered":"<p>Sorry, this entry is only available in European Spanish.<\/p>\n","protected":false},"author":3,"featured_media":51089,"parent":50975,"menu_order":0,"comment_status":"closed","ping_status":"closed","template":"entrada-prensa.php","meta":[],"_links":{"self":[{"href":"https:\/\/www.cne.cl\/en\/wp-json\/wp\/v2\/pages\/51088"}],"collection":[{"href":"https:\/\/www.cne.cl\/en\/wp-json\/wp\/v2\/pages"}],"about":[{"href":"https:\/\/www.cne.cl\/en\/wp-json\/wp\/v2\/types\/page"}],"author":[{"embeddable":true,"href":"https:\/\/www.cne.cl\/en\/wp-json\/wp\/v2\/users\/3"}],"replies":[{"embeddable":true,"href":"https:\/\/www.cne.cl\/en\/wp-json\/wp\/v2\/comments?post=51088"}],"version-history":[{"count":4,"href":"https:\/\/www.cne.cl\/en\/wp-json\/wp\/v2\/pages\/51088\/revisions"}],"predecessor-version":[{"id":51779,"href":"https:\/\/www.cne.cl\/en\/wp-json\/wp\/v2\/pages\/51088\/revisions\/51779"}],"up":[{"embeddable":true,"href":"https:\/\/www.cne.cl\/en\/wp-json\/wp\/v2\/pages\/50975"}],"wp:featuredmedia":[{"embeddable":true,"href":"https:\/\/www.cne.cl\/en\/wp-json\/wp\/v2\/media\/51089"}],"wp:attachment":[{"href":"https:\/\/www.cne.cl\/en\/wp-json\/wp\/v2\/media?parent=51088"}],"curies":[{"name":"wp","href":"https:\/\/api.w.org\/{rel}","templated":true}]}}