

{"id":51081,"date":"2024-02-08T16:32:52","date_gmt":"2024-02-08T19:32:52","guid":{"rendered":"https:\/\/www.cne.cl\/?page_id=51081"},"modified":"2024-07-05T15:44:51","modified_gmt":"2024-07-05T19:44:51","slug":"cne-publica-modificacion-de-la-norma-tecnica-de-conexion-y-operacion-de-pmgd-en-instalaciones-de-media-tension","status":"publish","type":"page","link":"https:\/\/www.cne.cl\/en\/prensa\/prensa-2024\/02-febrero-2024\/cne-publica-modificacion-de-la-norma-tecnica-de-conexion-y-operacion-de-pmgd-en-instalaciones-de-media-tension\/","title":{"rendered":"(Espa\u00f1ol) CNE publica modificaci\u00f3n de la Norma T\u00e9cnica de Conexi\u00f3n y Operaci\u00f3n de PMGD en instalaciones de Media Tensi\u00f3n"},"content":{"rendered":"<p class=\"qtranxs-available-languages-message qtranxs-available-languages-message-en\">Sorry, this entry is only available in <a href=\"https:\/\/www.cne.cl\/es\/wp-json\/wp\/v2\/pages\/51081\" class=\"qtranxs-available-language-link qtranxs-available-language-link-es\" title=\"Espa\u00f1ol\">European Spanish<\/a>.<\/p>","protected":false},"excerpt":{"rendered":"<p>Sorry, this entry is only available in European Spanish.<\/p>\n","protected":false},"author":3,"featured_media":0,"parent":50975,"menu_order":0,"comment_status":"closed","ping_status":"closed","template":"entrada-prensa.php","meta":[],"_links":{"self":[{"href":"https:\/\/www.cne.cl\/en\/wp-json\/wp\/v2\/pages\/51081"}],"collection":[{"href":"https:\/\/www.cne.cl\/en\/wp-json\/wp\/v2\/pages"}],"about":[{"href":"https:\/\/www.cne.cl\/en\/wp-json\/wp\/v2\/types\/page"}],"author":[{"embeddable":true,"href":"https:\/\/www.cne.cl\/en\/wp-json\/wp\/v2\/users\/3"}],"replies":[{"embeddable":true,"href":"https:\/\/www.cne.cl\/en\/wp-json\/wp\/v2\/comments?post=51081"}],"version-history":[{"count":3,"href":"https:\/\/www.cne.cl\/en\/wp-json\/wp\/v2\/pages\/51081\/revisions"}],"predecessor-version":[{"id":52354,"href":"https:\/\/www.cne.cl\/en\/wp-json\/wp\/v2\/pages\/51081\/revisions\/52354"}],"up":[{"embeddable":true,"href":"https:\/\/www.cne.cl\/en\/wp-json\/wp\/v2\/pages\/50975"}],"wp:attachment":[{"href":"https:\/\/www.cne.cl\/en\/wp-json\/wp\/v2\/media?parent=51081"}],"curies":[{"name":"wp","href":"https:\/\/api.w.org\/{rel}","templated":true}]}}