

{"id":5107,"date":"2016-01-26T13:24:23","date_gmt":"2016-01-26T16:24:23","guid":{"rendered":"http:\/\/www.cne.cl\/?page_id=5107"},"modified":"2016-04-14T15:47:54","modified_gmt":"2016-04-14T18:47:54","slug":"cne-envia-informe-de-rentabilidad-de-distribuidoras-de-gas-de-red-ano-2014-al-ministerio-de-energia","status":"publish","type":"page","link":"https:\/\/www.cne.cl\/en\/prensa\/prensa-2016\/enero-2016\/cne-envia-informe-de-rentabilidad-de-distribuidoras-de-gas-de-red-ano-2014-al-ministerio-de-energia\/","title":{"rendered":"CNE env\u00eda Informe de Rentabilidad de distribuidoras de gas de red a\u00f1o 2014 al Ministerio de Energ\u00eda."},"content":{"rendered":"<p><\/p>\n<p style=\"text-align: justify;\">La Comisi\u00f3n Nacional de Energ\u00eda (CNE) dio a conocer hoy el Informe de Rentabilidad de las empresas concesionarias de distribuci\u00f3n de gas de red correspondiente al a\u00f1o 2014, en el marco de las funciones monitoreo permanente de los mercados energ\u00e9ticos que le confiere la ley, en especial del mercado de distribuci\u00f3n de gas de red concesionada.<\/p>\n<p style=\"text-align: justify;\">La CNE envi\u00f3 el informe al Ministerio de Energ\u00eda, que considera los ingresos, costos de explotaci\u00f3n y el Valor Nuevo de Reemplazo (VNR) o costo de renovaci\u00f3n de los activos presentados por las distribuidoras de gas al Sistema de Cuentas de la Comisi\u00f3n Nacional de Energ\u00eda, con el fin de monitorear el desempe\u00f1o de estas empresas, en un mercado con libertad de precios.<\/p>\n<p style=\"text-align: justify;\">El resultado del an\u00e1lisis de rentabilidad fue producto de un proceso abierto y participativo, desarrollado durante cinco meses, que cont\u00f3 con la participaci\u00f3n de las empresas concesionarias, quienes pudieron hacer observaciones al informe preliminar.<\/p>\n<p style=\"text-align: justify;\">Los resultados de rentabilidad de las empresas de distribuci\u00f3n de gas de red concesionadas correspondientes al a\u00f1o 2014 son los siguientes:<\/p>\n<table border=\"1\">\n<tbody>\n<tr>\n<td><strong>Empresa Concesionaria<\/strong><\/td>\n<td><strong>Rentabilidad 2014<\/strong><\/td>\n<\/tr>\n<tr>\n<td>Metrogas<\/td>\n<td>12,2%<\/td>\n<\/tr>\n<tr>\n<td>GasValpo<\/td>\n<td>6,8%<\/td>\n<\/tr>\n<tr>\n<td>GasSur<\/td>\n<td>5,9%<\/td>\n<\/tr>\n<tr>\n<td>Intergas<\/td>\n<td>6,8%<\/td>\n<\/tr>\n<tr>\n<td>Lipigas<\/td>\n<td>4,9%<\/td>\n<\/tr>\n<\/tbody>\n<\/table>\n<p><\/p>","protected":false},"excerpt":{"rendered":"<p>La Comisi\u00f3n Nacional de Energ\u00eda (CNE) dio a conocer hoy el Informe de Rentabilidad de las empresas concesionarias de distribuci\u00f3n de gas de red correspondiente al a\u00f1o 2014, en el marco de las funciones monitoreo permanente de los mercados energ\u00e9ticos que le confiere la ley, en especial del mercado de distribuci\u00f3n de gas de red [&hellip;]<\/p>\n","protected":false},"author":2,"featured_media":5114,"parent":4862,"menu_order":3,"comment_status":"closed","ping_status":"closed","template":"entrada-prensa.php","meta":[],"_links":{"self":[{"href":"https:\/\/www.cne.cl\/en\/wp-json\/wp\/v2\/pages\/5107"}],"collection":[{"href":"https:\/\/www.cne.cl\/en\/wp-json\/wp\/v2\/pages"}],"about":[{"href":"https:\/\/www.cne.cl\/en\/wp-json\/wp\/v2\/types\/page"}],"author":[{"embeddable":true,"href":"https:\/\/www.cne.cl\/en\/wp-json\/wp\/v2\/users\/2"}],"replies":[{"embeddable":true,"href":"https:\/\/www.cne.cl\/en\/wp-json\/wp\/v2\/comments?post=5107"}],"version-history":[{"count":6,"href":"https:\/\/www.cne.cl\/en\/wp-json\/wp\/v2\/pages\/5107\/revisions"}],"predecessor-version":[{"id":6879,"href":"https:\/\/www.cne.cl\/en\/wp-json\/wp\/v2\/pages\/5107\/revisions\/6879"}],"up":[{"embeddable":true,"href":"https:\/\/www.cne.cl\/en\/wp-json\/wp\/v2\/pages\/4862"}],"wp:featuredmedia":[{"embeddable":true,"href":"https:\/\/www.cne.cl\/en\/wp-json\/wp\/v2\/media\/5114"}],"wp:attachment":[{"href":"https:\/\/www.cne.cl\/en\/wp-json\/wp\/v2\/media?parent=5107"}],"curies":[{"name":"wp","href":"https:\/\/api.w.org\/{rel}","templated":true}]}}