

{"id":51022,"date":"2024-02-05T16:14:59","date_gmt":"2024-02-05T19:14:59","guid":{"rendered":"https:\/\/www.cne.cl\/?page_id=51022"},"modified":"2024-05-16T14:21:45","modified_gmt":"2024-05-16T18:21:45","slug":"expansion-de-la-transmision-2023-informe-tecnico-preliminar-de-la-cne-contempla-41-obras-por-un-total-estimado-de-us464-millones","status":"publish","type":"page","link":"https:\/\/www.cne.cl\/en\/prensa\/prensa-2024\/02-febrero-2024\/expansion-de-la-transmision-2023-informe-tecnico-preliminar-de-la-cne-contempla-41-obras-por-un-total-estimado-de-us464-millones\/","title":{"rendered":"(Espa\u00f1ol) Expansi\u00f3n de la Transmisi\u00f3n 2023: Informe T\u00e9cnico Preliminar de la CNE contempla 41 obras por un total estimado de US$464 millones"},"content":{"rendered":"<p class=\"qtranxs-available-languages-message qtranxs-available-languages-message-en\">Sorry, this entry is only available in <a href=\"https:\/\/www.cne.cl\/es\/wp-json\/wp\/v2\/pages\/51022\" class=\"qtranxs-available-language-link qtranxs-available-language-link-es\" title=\"Espa\u00f1ol\">European Spanish<\/a>.<\/p>","protected":false},"excerpt":{"rendered":"<p>Sorry, this entry is only available in European Spanish.<\/p>\n","protected":false},"author":3,"featured_media":48967,"parent":50975,"menu_order":0,"comment_status":"closed","ping_status":"closed","template":"entrada-prensa.php","meta":[],"_links":{"self":[{"href":"https:\/\/www.cne.cl\/en\/wp-json\/wp\/v2\/pages\/51022"}],"collection":[{"href":"https:\/\/www.cne.cl\/en\/wp-json\/wp\/v2\/pages"}],"about":[{"href":"https:\/\/www.cne.cl\/en\/wp-json\/wp\/v2\/types\/page"}],"author":[{"embeddable":true,"href":"https:\/\/www.cne.cl\/en\/wp-json\/wp\/v2\/users\/3"}],"replies":[{"embeddable":true,"href":"https:\/\/www.cne.cl\/en\/wp-json\/wp\/v2\/comments?post=51022"}],"version-history":[{"count":3,"href":"https:\/\/www.cne.cl\/en\/wp-json\/wp\/v2\/pages\/51022\/revisions"}],"predecessor-version":[{"id":51778,"href":"https:\/\/www.cne.cl\/en\/wp-json\/wp\/v2\/pages\/51022\/revisions\/51778"}],"up":[{"embeddable":true,"href":"https:\/\/www.cne.cl\/en\/wp-json\/wp\/v2\/pages\/50975"}],"wp:featuredmedia":[{"embeddable":true,"href":"https:\/\/www.cne.cl\/en\/wp-json\/wp\/v2\/media\/48967"}],"wp:attachment":[{"href":"https:\/\/www.cne.cl\/en\/wp-json\/wp\/v2\/media?parent=51022"}],"curies":[{"name":"wp","href":"https:\/\/api.w.org\/{rel}","templated":true}]}}