

{"id":50884,"date":"2024-01-15T17:01:09","date_gmt":"2024-01-15T20:01:09","guid":{"rendered":"https:\/\/www.cne.cl\/?page_id=50884"},"modified":"2024-07-05T15:43:54","modified_gmt":"2024-07-05T19:43:54","slug":"cne-publico-informe-tecnico-definitivo-de-planificacion-y-tarificacion-de-los-sistemas-medianos-de-magallanes","status":"publish","type":"page","link":"https:\/\/www.cne.cl\/en\/prensa\/prensa-2024\/01-enero-2024\/cne-publico-informe-tecnico-definitivo-de-planificacion-y-tarificacion-de-los-sistemas-medianos-de-magallanes\/","title":{"rendered":"(Espa\u00f1ol) CNE public\u00f3 Informe T\u00e9cnico Definitivo de Planificaci\u00f3n y Tarificaci\u00f3n de los sistemas medianos de Magallanes"},"content":{"rendered":"<p class=\"qtranxs-available-languages-message qtranxs-available-languages-message-en\">Sorry, this entry is only available in <a href=\"https:\/\/www.cne.cl\/es\/wp-json\/wp\/v2\/pages\/50884\" class=\"qtranxs-available-language-link qtranxs-available-language-link-es\" title=\"Espa\u00f1ol\">European Spanish<\/a>.<\/p>","protected":false},"excerpt":{"rendered":"<p>Sorry, this entry is only available in European Spanish.<\/p>\n","protected":false},"author":3,"featured_media":0,"parent":50654,"menu_order":0,"comment_status":"closed","ping_status":"closed","template":"entrada-prensa.php","meta":[],"_links":{"self":[{"href":"https:\/\/www.cne.cl\/en\/wp-json\/wp\/v2\/pages\/50884"}],"collection":[{"href":"https:\/\/www.cne.cl\/en\/wp-json\/wp\/v2\/pages"}],"about":[{"href":"https:\/\/www.cne.cl\/en\/wp-json\/wp\/v2\/types\/page"}],"author":[{"embeddable":true,"href":"https:\/\/www.cne.cl\/en\/wp-json\/wp\/v2\/users\/3"}],"replies":[{"embeddable":true,"href":"https:\/\/www.cne.cl\/en\/wp-json\/wp\/v2\/comments?post=50884"}],"version-history":[{"count":4,"href":"https:\/\/www.cne.cl\/en\/wp-json\/wp\/v2\/pages\/50884\/revisions"}],"predecessor-version":[{"id":52353,"href":"https:\/\/www.cne.cl\/en\/wp-json\/wp\/v2\/pages\/50884\/revisions\/52353"}],"up":[{"embeddable":true,"href":"https:\/\/www.cne.cl\/en\/wp-json\/wp\/v2\/pages\/50654"}],"wp:attachment":[{"href":"https:\/\/www.cne.cl\/en\/wp-json\/wp\/v2\/media?parent=50884"}],"curies":[{"name":"wp","href":"https:\/\/api.w.org\/{rel}","templated":true}]}}