

{"id":50809,"date":"2024-01-10T12:03:01","date_gmt":"2024-01-10T15:03:01","guid":{"rendered":"https:\/\/www.cne.cl\/?page_id=50809"},"modified":"2024-06-05T09:54:27","modified_gmt":"2024-06-05T13:54:27","slug":"cne-publico-informe-tecnico-definitivo-de-fijacion-de-precios-de-nudo-promedio","status":"publish","type":"page","link":"https:\/\/www.cne.cl\/en\/prensa\/prensa-2024\/01-enero-2024\/cne-publico-informe-tecnico-definitivo-de-fijacion-de-precios-de-nudo-promedio\/","title":{"rendered":"(Espa\u00f1ol) CNE public\u00f3 Informe T\u00e9cnico Definitivo de fijaci\u00f3n de Precios de Nudo Promedio"},"content":{"rendered":"<p class=\"qtranxs-available-languages-message qtranxs-available-languages-message-en\">Sorry, this entry is only available in <a href=\"https:\/\/www.cne.cl\/es\/wp-json\/wp\/v2\/pages\/50809\" class=\"qtranxs-available-language-link qtranxs-available-language-link-es\" title=\"Espa\u00f1ol\">European Spanish<\/a>.<\/p>","protected":false},"excerpt":{"rendered":"<p>Sorry, this entry is only available in European Spanish.<\/p>\n","protected":false},"author":3,"featured_media":0,"parent":50654,"menu_order":0,"comment_status":"closed","ping_status":"closed","template":"entrada-prensa.php","meta":[],"_links":{"self":[{"href":"https:\/\/www.cne.cl\/en\/wp-json\/wp\/v2\/pages\/50809"}],"collection":[{"href":"https:\/\/www.cne.cl\/en\/wp-json\/wp\/v2\/pages"}],"about":[{"href":"https:\/\/www.cne.cl\/en\/wp-json\/wp\/v2\/types\/page"}],"author":[{"embeddable":true,"href":"https:\/\/www.cne.cl\/en\/wp-json\/wp\/v2\/users\/3"}],"replies":[{"embeddable":true,"href":"https:\/\/www.cne.cl\/en\/wp-json\/wp\/v2\/comments?post=50809"}],"version-history":[{"count":5,"href":"https:\/\/www.cne.cl\/en\/wp-json\/wp\/v2\/pages\/50809\/revisions"}],"predecessor-version":[{"id":52048,"href":"https:\/\/www.cne.cl\/en\/wp-json\/wp\/v2\/pages\/50809\/revisions\/52048"}],"up":[{"embeddable":true,"href":"https:\/\/www.cne.cl\/en\/wp-json\/wp\/v2\/pages\/50654"}],"wp:attachment":[{"href":"https:\/\/www.cne.cl\/en\/wp-json\/wp\/v2\/media?parent=50809"}],"curies":[{"name":"wp","href":"https:\/\/api.w.org\/{rel}","templated":true}]}}