

{"id":50652,"date":"2024-01-04T12:37:29","date_gmt":"2024-01-04T15:37:29","guid":{"rendered":"https:\/\/www.cne.cl\/?page_id=50652"},"modified":"2024-04-02T09:27:05","modified_gmt":"2024-04-02T12:27:05","slug":"cne-inicia-proceso-normativo-para-elaboracion-de-la-modificacion-de-la-norma-tecnica-de-seguridad-y-calidad-de-servicio","status":"publish","type":"page","link":"https:\/\/www.cne.cl\/en\/prensa\/prensa-2024\/01-enero-2024\/cne-inicia-proceso-normativo-para-elaboracion-de-la-modificacion-de-la-norma-tecnica-de-seguridad-y-calidad-de-servicio\/","title":{"rendered":"(Espa\u00f1ol) CNE inicia proceso normativo para elaboraci\u00f3n de la modificaci\u00f3n de la Norma T\u00e9cnica de Seguridad y Calidad de Servicio"},"content":{"rendered":"<p class=\"qtranxs-available-languages-message qtranxs-available-languages-message-en\">Sorry, this entry is only available in <a href=\"https:\/\/www.cne.cl\/es\/wp-json\/wp\/v2\/pages\/50652\" class=\"qtranxs-available-language-link qtranxs-available-language-link-es\" title=\"Espa\u00f1ol\">European Spanish<\/a>.<\/p>","protected":false},"excerpt":{"rendered":"<p>Sorry, this entry is only available in European Spanish.<\/p>\n","protected":false},"author":3,"featured_media":0,"parent":50654,"menu_order":0,"comment_status":"closed","ping_status":"closed","template":"entrada-prensa.php","meta":[],"_links":{"self":[{"href":"https:\/\/www.cne.cl\/en\/wp-json\/wp\/v2\/pages\/50652"}],"collection":[{"href":"https:\/\/www.cne.cl\/en\/wp-json\/wp\/v2\/pages"}],"about":[{"href":"https:\/\/www.cne.cl\/en\/wp-json\/wp\/v2\/types\/page"}],"author":[{"embeddable":true,"href":"https:\/\/www.cne.cl\/en\/wp-json\/wp\/v2\/users\/3"}],"replies":[{"embeddable":true,"href":"https:\/\/www.cne.cl\/en\/wp-json\/wp\/v2\/comments?post=50652"}],"version-history":[{"count":4,"href":"https:\/\/www.cne.cl\/en\/wp-json\/wp\/v2\/pages\/50652\/revisions"}],"predecessor-version":[{"id":51442,"href":"https:\/\/www.cne.cl\/en\/wp-json\/wp\/v2\/pages\/50652\/revisions\/51442"}],"up":[{"embeddable":true,"href":"https:\/\/www.cne.cl\/en\/wp-json\/wp\/v2\/pages\/50654"}],"wp:attachment":[{"href":"https:\/\/www.cne.cl\/en\/wp-json\/wp\/v2\/media?parent=50652"}],"curies":[{"name":"wp","href":"https:\/\/api.w.org\/{rel}","templated":true}]}}