

{"id":50644,"date":"2023-12-20T15:56:53","date_gmt":"2023-12-20T18:56:53","guid":{"rendered":"https:\/\/www.cne.cl\/?page_id=50644"},"modified":"2024-05-16T14:21:21","modified_gmt":"2024-05-16T18:21:21","slug":"comision-nacional-de-energia-publica-su-plan-normativo-anual-para-el-ano-2024","status":"publish","type":"page","link":"https:\/\/www.cne.cl\/en\/prensa\/prensa-2023\/12-diciembre-2023\/comision-nacional-de-energia-publica-su-plan-normativo-anual-para-el-ano-2024\/","title":{"rendered":"(Espa\u00f1ol) Comisi\u00f3n Nacional de Energ\u00eda publica su Plan Normativo Anual para el a\u00f1o 2024"},"content":{"rendered":"<p class=\"qtranxs-available-languages-message qtranxs-available-languages-message-en\">Sorry, this entry is only available in <a href=\"https:\/\/www.cne.cl\/es\/wp-json\/wp\/v2\/pages\/50644\" class=\"qtranxs-available-language-link qtranxs-available-language-link-es\" title=\"Espa\u00f1ol\">European Spanish<\/a>.<\/p>","protected":false},"excerpt":{"rendered":"<p>Sorry, this entry is only available in European Spanish.<\/p>\n","protected":false},"author":3,"featured_media":0,"parent":50314,"menu_order":0,"comment_status":"closed","ping_status":"closed","template":"entrada-prensa.php","meta":[],"_links":{"self":[{"href":"https:\/\/www.cne.cl\/en\/wp-json\/wp\/v2\/pages\/50644"}],"collection":[{"href":"https:\/\/www.cne.cl\/en\/wp-json\/wp\/v2\/pages"}],"about":[{"href":"https:\/\/www.cne.cl\/en\/wp-json\/wp\/v2\/types\/page"}],"author":[{"embeddable":true,"href":"https:\/\/www.cne.cl\/en\/wp-json\/wp\/v2\/users\/3"}],"replies":[{"embeddable":true,"href":"https:\/\/www.cne.cl\/en\/wp-json\/wp\/v2\/comments?post=50644"}],"version-history":[{"count":3,"href":"https:\/\/www.cne.cl\/en\/wp-json\/wp\/v2\/pages\/50644\/revisions"}],"predecessor-version":[{"id":51777,"href":"https:\/\/www.cne.cl\/en\/wp-json\/wp\/v2\/pages\/50644\/revisions\/51777"}],"up":[{"embeddable":true,"href":"https:\/\/www.cne.cl\/en\/wp-json\/wp\/v2\/pages\/50314"}],"wp:attachment":[{"href":"https:\/\/www.cne.cl\/en\/wp-json\/wp\/v2\/media?parent=50644"}],"curies":[{"name":"wp","href":"https:\/\/api.w.org\/{rel}","templated":true}]}}