

{"id":50435,"date":"2023-12-15T09:32:09","date_gmt":"2023-12-15T12:32:09","guid":{"rendered":"https:\/\/www.cne.cl\/prensa\/prensa-2023\/12-diciembre-2023\/webinar-sobre-modificaciones-a-la-norma-tecnica-de-seguridad-y-calidad-de-servicio-conto-con-mas-de-200-participantes\/"},"modified":"2024-02-09T12:59:16","modified_gmt":"2024-02-09T15:59:16","slug":"webinar-sobre-modificaciones-a-la-norma-tecnica-de-seguridad-y-calidad-de-servicio-conto-con-mas-de-200-participantes","status":"publish","type":"page","link":"https:\/\/www.cne.cl\/en\/prensa\/prensa-2023\/12-diciembre-2023\/webinar-sobre-modificaciones-a-la-norma-tecnica-de-seguridad-y-calidad-de-servicio-conto-con-mas-de-200-participantes\/","title":{"rendered":"Webinar sobre modificaciones a la Norma T\u00e9cnica de Seguridad y Calidad de Servicio cont\u00f3 con m\u00e1s de 200 participantes"},"content":{"rendered":"<p class=\"qtranxs-available-languages-message qtranxs-available-languages-message-en\">Sorry, this entry is only available in <a href=\"https:\/\/www.cne.cl\/es\/wp-json\/wp\/v2\/pages\/50435\" class=\"qtranxs-available-language-link qtranxs-available-language-link-es\" title=\"Espa\u00f1ol\">European Spanish<\/a>.<\/p>","protected":false},"excerpt":{"rendered":"<p>Sorry, this entry is only available in European Spanish.<\/p>\n","protected":false},"author":3,"featured_media":0,"parent":50314,"menu_order":3,"comment_status":"closed","ping_status":"closed","template":"entrada-prensa.php","meta":[],"_links":{"self":[{"href":"https:\/\/www.cne.cl\/en\/wp-json\/wp\/v2\/pages\/50435"}],"collection":[{"href":"https:\/\/www.cne.cl\/en\/wp-json\/wp\/v2\/pages"}],"about":[{"href":"https:\/\/www.cne.cl\/en\/wp-json\/wp\/v2\/types\/page"}],"author":[{"embeddable":true,"href":"https:\/\/www.cne.cl\/en\/wp-json\/wp\/v2\/users\/3"}],"replies":[{"embeddable":true,"href":"https:\/\/www.cne.cl\/en\/wp-json\/wp\/v2\/comments?post=50435"}],"version-history":[{"count":4,"href":"https:\/\/www.cne.cl\/en\/wp-json\/wp\/v2\/pages\/50435\/revisions"}],"predecessor-version":[{"id":51106,"href":"https:\/\/www.cne.cl\/en\/wp-json\/wp\/v2\/pages\/50435\/revisions\/51106"}],"up":[{"embeddable":true,"href":"https:\/\/www.cne.cl\/en\/wp-json\/wp\/v2\/pages\/50314"}],"wp:attachment":[{"href":"https:\/\/www.cne.cl\/en\/wp-json\/wp\/v2\/media?parent=50435"}],"curies":[{"name":"wp","href":"https:\/\/api.w.org\/{rel}","templated":true}]}}