

{"id":5042,"date":"2016-01-19T12:47:46","date_gmt":"2016-01-19T15:47:46","guid":{"rendered":"http:\/\/www.cne.cl\/?page_id=5042"},"modified":"2016-03-18T14:21:35","modified_gmt":"2016-03-18T17:21:35","slug":"sala-de-la-camara-de-diputados-aprueba-proyecto-de-ley-que-establece-un-nuevo-sistema-de-transmision-de-energia-electrica","status":"publish","type":"page","link":"https:\/\/www.cne.cl\/en\/prensa\/prensa-2016\/enero-2016\/sala-de-la-camara-de-diputados-aprueba-proyecto-de-ley-que-establece-un-nuevo-sistema-de-transmision-de-energia-electrica\/","title":{"rendered":"Sala de la C\u00e1mara de Diputados aprueba Proyecto de Ley que establece un nuevo sistema de Transmisi\u00f3n de energ\u00eda el\u00e9ctrica."},"content":{"rendered":"<p class=\"qtranxs-available-languages-message qtranxs-available-languages-message-en\">Sorry, this entry is only available in <a href=\"https:\/\/www.cne.cl\/es\/wp-json\/wp\/v2\/pages\/5042\" class=\"qtranxs-available-language-link qtranxs-available-language-link-es\" title=\"Espa\u00f1ol\">European Spanish<\/a>.<\/p>","protected":false},"excerpt":{"rendered":"<p>Sorry, this entry is only available in European Spanish.<\/p>\n","protected":false},"author":3,"featured_media":5040,"parent":4862,"menu_order":1,"comment_status":"closed","ping_status":"closed","template":"entrada-prensa.php","meta":[],"_links":{"self":[{"href":"https:\/\/www.cne.cl\/en\/wp-json\/wp\/v2\/pages\/5042"}],"collection":[{"href":"https:\/\/www.cne.cl\/en\/wp-json\/wp\/v2\/pages"}],"about":[{"href":"https:\/\/www.cne.cl\/en\/wp-json\/wp\/v2\/types\/page"}],"author":[{"embeddable":true,"href":"https:\/\/www.cne.cl\/en\/wp-json\/wp\/v2\/users\/3"}],"replies":[{"embeddable":true,"href":"https:\/\/www.cne.cl\/en\/wp-json\/wp\/v2\/comments?post=5042"}],"version-history":[{"count":4,"href":"https:\/\/www.cne.cl\/en\/wp-json\/wp\/v2\/pages\/5042\/revisions"}],"predecessor-version":[{"id":5090,"href":"https:\/\/www.cne.cl\/en\/wp-json\/wp\/v2\/pages\/5042\/revisions\/5090"}],"up":[{"embeddable":true,"href":"https:\/\/www.cne.cl\/en\/wp-json\/wp\/v2\/pages\/4862"}],"wp:featuredmedia":[{"embeddable":true,"href":"https:\/\/www.cne.cl\/en\/wp-json\/wp\/v2\/media\/5040"}],"wp:attachment":[{"href":"https:\/\/www.cne.cl\/en\/wp-json\/wp\/v2\/media?parent=5042"}],"curies":[{"name":"wp","href":"https:\/\/api.w.org\/{rel}","templated":true}]}}