

{"id":50355,"date":"2023-12-06T14:12:59","date_gmt":"2023-12-06T17:12:59","guid":{"rendered":"https:\/\/www.cne.cl\/prensa\/prensa-2023\/12-diciembre-2023\/cuarta-sesion-del-cosoc-paritario-de-la-cne-reviso-novedades-en-plan-de-expansion-de-transmision-y-actual-licitacion-de-suministro\/"},"modified":"2023-12-28T14:46:24","modified_gmt":"2023-12-28T17:46:24","slug":"cuarta-sesion-del-cosoc-paritario-de-la-cne-reviso-novedades-en-plan-de-expansion-de-transmision-y-actual-licitacion-de-suministro","status":"publish","type":"page","link":"https:\/\/www.cne.cl\/en\/prensa\/prensa-2023\/12-diciembre-2023\/cuarta-sesion-del-cosoc-paritario-de-la-cne-reviso-novedades-en-plan-de-expansion-de-transmision-y-actual-licitacion-de-suministro\/","title":{"rendered":"Cuarta sesi\u00f3n del COSOC paritario de la CNE revis\u00f3 novedades en plan de expansi\u00f3n de transmisi\u00f3n y actual licitaci\u00f3n de suministro"},"content":{"rendered":"<p class=\"qtranxs-available-languages-message qtranxs-available-languages-message-en\">Sorry, this entry is only available in <a href=\"https:\/\/www.cne.cl\/es\/wp-json\/wp\/v2\/pages\/50355\" class=\"qtranxs-available-language-link qtranxs-available-language-link-es\" title=\"Espa\u00f1ol\">European Spanish<\/a>.<\/p>","protected":false},"excerpt":{"rendered":"<p>Sorry, this entry is only available in European Spanish.<\/p>\n","protected":false},"author":3,"featured_media":0,"parent":50314,"menu_order":1,"comment_status":"closed","ping_status":"closed","template":"entrada-prensa.php","meta":[],"_links":{"self":[{"href":"https:\/\/www.cne.cl\/en\/wp-json\/wp\/v2\/pages\/50355"}],"collection":[{"href":"https:\/\/www.cne.cl\/en\/wp-json\/wp\/v2\/pages"}],"about":[{"href":"https:\/\/www.cne.cl\/en\/wp-json\/wp\/v2\/types\/page"}],"author":[{"embeddable":true,"href":"https:\/\/www.cne.cl\/en\/wp-json\/wp\/v2\/users\/3"}],"replies":[{"embeddable":true,"href":"https:\/\/www.cne.cl\/en\/wp-json\/wp\/v2\/comments?post=50355"}],"version-history":[{"count":3,"href":"https:\/\/www.cne.cl\/en\/wp-json\/wp\/v2\/pages\/50355\/revisions"}],"predecessor-version":[{"id":50606,"href":"https:\/\/www.cne.cl\/en\/wp-json\/wp\/v2\/pages\/50355\/revisions\/50606"}],"up":[{"embeddable":true,"href":"https:\/\/www.cne.cl\/en\/wp-json\/wp\/v2\/pages\/50314"}],"wp:attachment":[{"href":"https:\/\/www.cne.cl\/en\/wp-json\/wp\/v2\/media?parent=50355"}],"curies":[{"name":"wp","href":"https:\/\/api.w.org\/{rel}","templated":true}]}}