

{"id":50316,"date":"2023-12-04T13:54:15","date_gmt":"2023-12-04T16:54:15","guid":{"rendered":"https:\/\/www.cne.cl\/?page_id=50316"},"modified":"2024-04-02T09:26:40","modified_gmt":"2024-04-02T12:26:40","slug":"comision-nacional-de-energia-informa-resultados-del-proceso-de-chequeo-de-rentabilidad-de-las-concesionarias-de-distribucion-de-gas-de-red-del-ano-2022","status":"publish","type":"page","link":"https:\/\/www.cne.cl\/en\/prensa\/prensa-2023\/12-diciembre-2023\/comision-nacional-de-energia-informa-resultados-del-proceso-de-chequeo-de-rentabilidad-de-las-concesionarias-de-distribucion-de-gas-de-red-del-ano-2022\/","title":{"rendered":"(Espa\u00f1ol) Comisi\u00f3n Nacional de Energ\u00eda informa resultados del proceso de Chequeo de Rentabilidad de las concesionarias de distribuci\u00f3n de gas de red del a\u00f1o 2022"},"content":{"rendered":"<p class=\"qtranxs-available-languages-message qtranxs-available-languages-message-en\">Sorry, this entry is only available in <a href=\"https:\/\/www.cne.cl\/es\/wp-json\/wp\/v2\/pages\/50316\" class=\"qtranxs-available-language-link qtranxs-available-language-link-es\" title=\"Espa\u00f1ol\">European Spanish<\/a>.<\/p>","protected":false},"excerpt":{"rendered":"<p>Sorry, this entry is only available in European Spanish.<\/p>\n","protected":false},"author":3,"featured_media":0,"parent":50314,"menu_order":0,"comment_status":"closed","ping_status":"closed","template":"entrada-prensa.php","meta":[],"_links":{"self":[{"href":"https:\/\/www.cne.cl\/en\/wp-json\/wp\/v2\/pages\/50316"}],"collection":[{"href":"https:\/\/www.cne.cl\/en\/wp-json\/wp\/v2\/pages"}],"about":[{"href":"https:\/\/www.cne.cl\/en\/wp-json\/wp\/v2\/types\/page"}],"author":[{"embeddable":true,"href":"https:\/\/www.cne.cl\/en\/wp-json\/wp\/v2\/users\/3"}],"replies":[{"embeddable":true,"href":"https:\/\/www.cne.cl\/en\/wp-json\/wp\/v2\/comments?post=50316"}],"version-history":[{"count":4,"href":"https:\/\/www.cne.cl\/en\/wp-json\/wp\/v2\/pages\/50316\/revisions"}],"predecessor-version":[{"id":51441,"href":"https:\/\/www.cne.cl\/en\/wp-json\/wp\/v2\/pages\/50316\/revisions\/51441"}],"up":[{"embeddable":true,"href":"https:\/\/www.cne.cl\/en\/wp-json\/wp\/v2\/pages\/50314"}],"wp:attachment":[{"href":"https:\/\/www.cne.cl\/en\/wp-json\/wp\/v2\/media?parent=50316"}],"curies":[{"name":"wp","href":"https:\/\/api.w.org\/{rel}","templated":true}]}}