

{"id":50198,"date":"2023-11-21T18:34:57","date_gmt":"2023-11-21T21:34:57","guid":{"rendered":"https:\/\/www.cne.cl\/?page_id=50198"},"modified":"2024-01-22T12:06:40","modified_gmt":"2024-01-22T15:06:40","slug":"resext575","status":"publish","type":"page","link":"https:\/\/www.cne.cl\/en\/prensa\/prensa-2023\/21-noviembre-2023\/resext575\/","title":{"rendered":"(Espa\u00f1ol) Publicaci\u00f3n Resoluci\u00f3n Exenta 575\/2023"},"content":{"rendered":"<p class=\"qtranxs-available-languages-message qtranxs-available-languages-message-en\">Sorry, this entry is only available in <a href=\"https:\/\/www.cne.cl\/es\/wp-json\/wp\/v2\/pages\/50198\" class=\"qtranxs-available-language-link qtranxs-available-language-link-es\" title=\"Espa\u00f1ol\">European Spanish<\/a>.<\/p>","protected":false},"excerpt":{"rendered":"<p>Sorry, this entry is only available in European Spanish.<\/p>\n","protected":false},"author":53,"featured_media":0,"parent":50181,"menu_order":0,"comment_status":"closed","ping_status":"closed","template":"entrada-prensa.php","meta":[],"_links":{"self":[{"href":"https:\/\/www.cne.cl\/en\/wp-json\/wp\/v2\/pages\/50198"}],"collection":[{"href":"https:\/\/www.cne.cl\/en\/wp-json\/wp\/v2\/pages"}],"about":[{"href":"https:\/\/www.cne.cl\/en\/wp-json\/wp\/v2\/types\/page"}],"author":[{"embeddable":true,"href":"https:\/\/www.cne.cl\/en\/wp-json\/wp\/v2\/users\/53"}],"replies":[{"embeddable":true,"href":"https:\/\/www.cne.cl\/en\/wp-json\/wp\/v2\/comments?post=50198"}],"version-history":[{"count":15,"href":"https:\/\/www.cne.cl\/en\/wp-json\/wp\/v2\/pages\/50198\/revisions"}],"predecessor-version":[{"id":50896,"href":"https:\/\/www.cne.cl\/en\/wp-json\/wp\/v2\/pages\/50198\/revisions\/50896"}],"up":[{"embeddable":true,"href":"https:\/\/www.cne.cl\/en\/wp-json\/wp\/v2\/pages\/50181"}],"wp:attachment":[{"href":"https:\/\/www.cne.cl\/en\/wp-json\/wp\/v2\/media?parent=50198"}],"curies":[{"name":"wp","href":"https:\/\/api.w.org\/{rel}","templated":true}]}}