

{"id":50130,"date":"2023-11-20T14:41:23","date_gmt":"2023-11-20T17:41:23","guid":{"rendered":"https:\/\/www.cne.cl\/?page_id=50130"},"modified":"2024-04-02T09:26:05","modified_gmt":"2024-04-02T12:26:05","slug":"en-diciembre-asume-nueva-jefa-del-subdepartamento-de-tarificacion-de-la-generacion-y-distribucion","status":"publish","type":"page","link":"https:\/\/www.cne.cl\/en\/prensa\/prensa-2023\/11-noviembre-2023\/en-diciembre-asume-nueva-jefa-del-subdepartamento-de-tarificacion-de-la-generacion-y-distribucion\/","title":{"rendered":"(Espa\u00f1ol) En diciembre asume nueva Jefa del Subdepartamento de Tarificaci\u00f3n de la Generaci\u00f3n y Distribuci\u00f3n"},"content":{"rendered":"<p class=\"qtranxs-available-languages-message qtranxs-available-languages-message-en\">Sorry, this entry is only available in <a href=\"https:\/\/www.cne.cl\/es\/wp-json\/wp\/v2\/pages\/50130\" class=\"qtranxs-available-language-link qtranxs-available-language-link-es\" title=\"Espa\u00f1ol\">European Spanish<\/a>.<\/p>","protected":false},"excerpt":{"rendered":"<p>Sorry, this entry is only available in European Spanish.<\/p>\n","protected":false},"author":3,"featured_media":50131,"parent":50119,"menu_order":0,"comment_status":"closed","ping_status":"closed","template":"entrada-prensa.php","meta":[],"_links":{"self":[{"href":"https:\/\/www.cne.cl\/en\/wp-json\/wp\/v2\/pages\/50130"}],"collection":[{"href":"https:\/\/www.cne.cl\/en\/wp-json\/wp\/v2\/pages"}],"about":[{"href":"https:\/\/www.cne.cl\/en\/wp-json\/wp\/v2\/types\/page"}],"author":[{"embeddable":true,"href":"https:\/\/www.cne.cl\/en\/wp-json\/wp\/v2\/users\/3"}],"replies":[{"embeddable":true,"href":"https:\/\/www.cne.cl\/en\/wp-json\/wp\/v2\/comments?post=50130"}],"version-history":[{"count":4,"href":"https:\/\/www.cne.cl\/en\/wp-json\/wp\/v2\/pages\/50130\/revisions"}],"predecessor-version":[{"id":51440,"href":"https:\/\/www.cne.cl\/en\/wp-json\/wp\/v2\/pages\/50130\/revisions\/51440"}],"up":[{"embeddable":true,"href":"https:\/\/www.cne.cl\/en\/wp-json\/wp\/v2\/pages\/50119"}],"wp:featuredmedia":[{"embeddable":true,"href":"https:\/\/www.cne.cl\/en\/wp-json\/wp\/v2\/media\/50131"}],"wp:attachment":[{"href":"https:\/\/www.cne.cl\/en\/wp-json\/wp\/v2\/media?parent=50130"}],"curies":[{"name":"wp","href":"https:\/\/api.w.org\/{rel}","templated":true}]}}