

{"id":49958,"date":"2023-10-26T17:02:01","date_gmt":"2023-10-26T20:02:01","guid":{"rendered":"https:\/\/www.cne.cl\/prensa\/prensa-2023\/octubre-2023\/cne-emite-resolucion-exenta-que-aprueba-informe-tecnico-preliminar-de-calificaciones-de-las-instalaciones-de-los-sistemas-de-transmision-2024-2027\/"},"modified":"2024-01-22T12:05:52","modified_gmt":"2024-01-22T15:05:52","slug":"cne-emite-resolucion-exenta-que-aprueba-informe-tecnico-preliminar-de-calificaciones-de-las-instalaciones-de-los-sistemas-de-transmision-2024-2027","status":"publish","type":"page","link":"https:\/\/www.cne.cl\/en\/prensa\/prensa-2023\/octubre-2023\/cne-emite-resolucion-exenta-que-aprueba-informe-tecnico-preliminar-de-calificaciones-de-las-instalaciones-de-los-sistemas-de-transmision-2024-2027\/","title":{"rendered":"CNE emite Resoluci\u00f3n Exenta que aprueba Informe T\u00e9cnico Preliminar de calificaciones de las instalaciones de los sistemas de transmisi\u00f3n 2024-2027"},"content":{"rendered":"<p class=\"qtranxs-available-languages-message qtranxs-available-languages-message-en\">Sorry, this entry is only available in <a href=\"https:\/\/www.cne.cl\/es\/wp-json\/wp\/v2\/pages\/49958\" class=\"qtranxs-available-language-link qtranxs-available-language-link-es\" title=\"Espa\u00f1ol\">European Spanish<\/a>.<\/p>","protected":false},"excerpt":{"rendered":"<p>Sorry, this entry is only available in European Spanish.<\/p>\n","protected":false},"author":3,"featured_media":0,"parent":49717,"menu_order":7,"comment_status":"closed","ping_status":"closed","template":"entrada-prensa.php","meta":[],"_links":{"self":[{"href":"https:\/\/www.cne.cl\/en\/wp-json\/wp\/v2\/pages\/49958"}],"collection":[{"href":"https:\/\/www.cne.cl\/en\/wp-json\/wp\/v2\/pages"}],"about":[{"href":"https:\/\/www.cne.cl\/en\/wp-json\/wp\/v2\/types\/page"}],"author":[{"embeddable":true,"href":"https:\/\/www.cne.cl\/en\/wp-json\/wp\/v2\/users\/3"}],"replies":[{"embeddable":true,"href":"https:\/\/www.cne.cl\/en\/wp-json\/wp\/v2\/comments?post=49958"}],"version-history":[{"count":4,"href":"https:\/\/www.cne.cl\/en\/wp-json\/wp\/v2\/pages\/49958\/revisions"}],"predecessor-version":[{"id":50894,"href":"https:\/\/www.cne.cl\/en\/wp-json\/wp\/v2\/pages\/49958\/revisions\/50894"}],"up":[{"embeddable":true,"href":"https:\/\/www.cne.cl\/en\/wp-json\/wp\/v2\/pages\/49717"}],"wp:attachment":[{"href":"https:\/\/www.cne.cl\/en\/wp-json\/wp\/v2\/media?parent=49958"}],"curies":[{"name":"wp","href":"https:\/\/api.w.org\/{rel}","templated":true}]}}