

{"id":49922,"date":"2023-10-20T14:36:31","date_gmt":"2023-10-20T17:36:31","guid":{"rendered":"https:\/\/www.cne.cl\/?page_id=49922"},"modified":"2023-12-28T14:28:38","modified_gmt":"2023-12-28T17:28:38","slug":"licitacion-de-suministro-2023-cne-realiza-ultima-modificacion-en-proceso-2023-01","status":"publish","type":"page","link":"https:\/\/www.cne.cl\/en\/prensa\/prensa-2023\/octubre-2023\/licitacion-de-suministro-2023-cne-realiza-ultima-modificacion-en-proceso-2023-01\/","title":{"rendered":"(Espa\u00f1ol) Licitaci\u00f3n de Suministro 2023: CNE realiza \u00faltima modificaci\u00f3n en proceso 2023\/01"},"content":{"rendered":"<p class=\"qtranxs-available-languages-message qtranxs-available-languages-message-en\">Sorry, this entry is only available in <a href=\"https:\/\/www.cne.cl\/es\/wp-json\/wp\/v2\/pages\/49922\" class=\"qtranxs-available-language-link qtranxs-available-language-link-es\" title=\"Espa\u00f1ol\">European Spanish<\/a>.<\/p>","protected":false},"excerpt":{"rendered":"<p>Sorry, this entry is only available in European Spanish.<\/p>\n","protected":false},"author":3,"featured_media":49923,"parent":49717,"menu_order":0,"comment_status":"closed","ping_status":"closed","template":"entrada-prensa.php","meta":[],"_links":{"self":[{"href":"https:\/\/www.cne.cl\/en\/wp-json\/wp\/v2\/pages\/49922"}],"collection":[{"href":"https:\/\/www.cne.cl\/en\/wp-json\/wp\/v2\/pages"}],"about":[{"href":"https:\/\/www.cne.cl\/en\/wp-json\/wp\/v2\/types\/page"}],"author":[{"embeddable":true,"href":"https:\/\/www.cne.cl\/en\/wp-json\/wp\/v2\/users\/3"}],"replies":[{"embeddable":true,"href":"https:\/\/www.cne.cl\/en\/wp-json\/wp\/v2\/comments?post=49922"}],"version-history":[{"count":3,"href":"https:\/\/www.cne.cl\/en\/wp-json\/wp\/v2\/pages\/49922\/revisions"}],"predecessor-version":[{"id":50602,"href":"https:\/\/www.cne.cl\/en\/wp-json\/wp\/v2\/pages\/49922\/revisions\/50602"}],"up":[{"embeddable":true,"href":"https:\/\/www.cne.cl\/en\/wp-json\/wp\/v2\/pages\/49717"}],"wp:featuredmedia":[{"embeddable":true,"href":"https:\/\/www.cne.cl\/en\/wp-json\/wp\/v2\/media\/49923"}],"wp:attachment":[{"href":"https:\/\/www.cne.cl\/en\/wp-json\/wp\/v2\/media?parent=49922"}],"curies":[{"name":"wp","href":"https:\/\/api.w.org\/{rel}","templated":true}]}}