

{"id":49894,"date":"2023-10-16T14:18:15","date_gmt":"2023-10-16T17:18:15","guid":{"rendered":"https:\/\/www.cne.cl\/?page_id=49894"},"modified":"2023-12-28T12:00:36","modified_gmt":"2023-12-28T15:00:36","slug":"cne-amplia-plazo-de-consulta-publica-de-modificacion-de-norma-tecnica-de-seguridad-y-calidad-de-servicio","status":"publish","type":"page","link":"https:\/\/www.cne.cl\/en\/prensa\/prensa-2023\/octubre-2023\/cne-amplia-plazo-de-consulta-publica-de-modificacion-de-norma-tecnica-de-seguridad-y-calidad-de-servicio\/","title":{"rendered":"(Espa\u00f1ol) CNE ampl\u00eda plazo de consulta p\u00fablica de modificaci\u00f3n de Norma T\u00e9cnica de Seguridad y Calidad de Servicio"},"content":{"rendered":"<p class=\"qtranxs-available-languages-message qtranxs-available-languages-message-en\">Sorry, this entry is only available in <a href=\"https:\/\/www.cne.cl\/es\/wp-json\/wp\/v2\/pages\/49894\" class=\"qtranxs-available-language-link qtranxs-available-language-link-es\" title=\"Espa\u00f1ol\">European Spanish<\/a>.<\/p>","protected":false},"excerpt":{"rendered":"<p>Sorry, this entry is only available in European Spanish.<\/p>\n","protected":false},"author":3,"featured_media":49896,"parent":49717,"menu_order":0,"comment_status":"closed","ping_status":"closed","template":"entrada-prensa.php","meta":[],"_links":{"self":[{"href":"https:\/\/www.cne.cl\/en\/wp-json\/wp\/v2\/pages\/49894"}],"collection":[{"href":"https:\/\/www.cne.cl\/en\/wp-json\/wp\/v2\/pages"}],"about":[{"href":"https:\/\/www.cne.cl\/en\/wp-json\/wp\/v2\/types\/page"}],"author":[{"embeddable":true,"href":"https:\/\/www.cne.cl\/en\/wp-json\/wp\/v2\/users\/3"}],"replies":[{"embeddable":true,"href":"https:\/\/www.cne.cl\/en\/wp-json\/wp\/v2\/comments?post=49894"}],"version-history":[{"count":4,"href":"https:\/\/www.cne.cl\/en\/wp-json\/wp\/v2\/pages\/49894\/revisions"}],"predecessor-version":[{"id":50593,"href":"https:\/\/www.cne.cl\/en\/wp-json\/wp\/v2\/pages\/49894\/revisions\/50593"}],"up":[{"embeddable":true,"href":"https:\/\/www.cne.cl\/en\/wp-json\/wp\/v2\/pages\/49717"}],"wp:featuredmedia":[{"embeddable":true,"href":"https:\/\/www.cne.cl\/en\/wp-json\/wp\/v2\/media\/49896"}],"wp:attachment":[{"href":"https:\/\/www.cne.cl\/en\/wp-json\/wp\/v2\/media?parent=49894"}],"curies":[{"name":"wp","href":"https:\/\/api.w.org\/{rel}","templated":true}]}}