

{"id":49839,"date":"2023-10-13T14:44:43","date_gmt":"2023-10-13T17:44:43","guid":{"rendered":"https:\/\/www.cne.cl\/?page_id=49839"},"modified":"2024-04-02T09:25:33","modified_gmt":"2024-04-02T12:25:33","slug":"plan-de-expansion-de-la-transmision-2022-contempla-42-obras-con-una-inversion-total-de-us1-053-millones","status":"publish","type":"page","link":"https:\/\/www.cne.cl\/en\/prensa\/prensa-2023\/octubre-2023\/plan-de-expansion-de-la-transmision-2022-contempla-42-obras-con-una-inversion-total-de-us1-053-millones\/","title":{"rendered":"(Espa\u00f1ol) Plan de Expansi\u00f3n de la Transmisi\u00f3n 2022 contempla 42 obras, con una inversi\u00f3n total de US$1.053 millones"},"content":{"rendered":"<p class=\"qtranxs-available-languages-message qtranxs-available-languages-message-en\">Sorry, this entry is only available in <a href=\"https:\/\/www.cne.cl\/es\/wp-json\/wp\/v2\/pages\/49839\" class=\"qtranxs-available-language-link qtranxs-available-language-link-es\" title=\"Espa\u00f1ol\">European Spanish<\/a>.<\/p>","protected":false},"excerpt":{"rendered":"<p>Sorry, this entry is only available in European Spanish.<\/p>\n","protected":false},"author":3,"featured_media":0,"parent":49717,"menu_order":0,"comment_status":"closed","ping_status":"closed","template":"entrada-prensa.php","meta":[],"_links":{"self":[{"href":"https:\/\/www.cne.cl\/en\/wp-json\/wp\/v2\/pages\/49839"}],"collection":[{"href":"https:\/\/www.cne.cl\/en\/wp-json\/wp\/v2\/pages"}],"about":[{"href":"https:\/\/www.cne.cl\/en\/wp-json\/wp\/v2\/types\/page"}],"author":[{"embeddable":true,"href":"https:\/\/www.cne.cl\/en\/wp-json\/wp\/v2\/users\/3"}],"replies":[{"embeddable":true,"href":"https:\/\/www.cne.cl\/en\/wp-json\/wp\/v2\/comments?post=49839"}],"version-history":[{"count":4,"href":"https:\/\/www.cne.cl\/en\/wp-json\/wp\/v2\/pages\/49839\/revisions"}],"predecessor-version":[{"id":51439,"href":"https:\/\/www.cne.cl\/en\/wp-json\/wp\/v2\/pages\/49839\/revisions\/51439"}],"up":[{"embeddable":true,"href":"https:\/\/www.cne.cl\/en\/wp-json\/wp\/v2\/pages\/49717"}],"wp:attachment":[{"href":"https:\/\/www.cne.cl\/en\/wp-json\/wp\/v2\/media?parent=49839"}],"curies":[{"name":"wp","href":"https:\/\/api.w.org\/{rel}","templated":true}]}}