

{"id":49766,"date":"2023-10-05T15:43:10","date_gmt":"2023-10-05T18:43:10","guid":{"rendered":"https:\/\/www.cne.cl\/?page_id=49766"},"modified":"2023-12-28T14:23:02","modified_gmt":"2023-12-28T17:23:02","slug":"cne-mostro-avances-en-su-quehacer-institucional-en-tercera-sesion-de-cosoc-paritario-2023-2024","status":"publish","type":"page","link":"https:\/\/www.cne.cl\/en\/prensa\/prensa-2023\/octubre-2023\/cne-mostro-avances-en-su-quehacer-institucional-en-tercera-sesion-de-cosoc-paritario-2023-2024\/","title":{"rendered":"(Espa\u00f1ol) CNE mostr\u00f3 avances en su quehacer institucional en tercera sesi\u00f3n de COSOC Paritario 2023-2024"},"content":{"rendered":"<p class=\"qtranxs-available-languages-message qtranxs-available-languages-message-en\">Sorry, this entry is only available in <a href=\"https:\/\/www.cne.cl\/es\/wp-json\/wp\/v2\/pages\/49766\" class=\"qtranxs-available-language-link qtranxs-available-language-link-es\" title=\"Espa\u00f1ol\">European Spanish<\/a>.<\/p>","protected":false},"excerpt":{"rendered":"<p>Sorry, this entry is only available in European Spanish.<\/p>\n","protected":false},"author":3,"featured_media":49767,"parent":49717,"menu_order":0,"comment_status":"closed","ping_status":"closed","template":"entrada-prensa.php","meta":[],"_links":{"self":[{"href":"https:\/\/www.cne.cl\/en\/wp-json\/wp\/v2\/pages\/49766"}],"collection":[{"href":"https:\/\/www.cne.cl\/en\/wp-json\/wp\/v2\/pages"}],"about":[{"href":"https:\/\/www.cne.cl\/en\/wp-json\/wp\/v2\/types\/page"}],"author":[{"embeddable":true,"href":"https:\/\/www.cne.cl\/en\/wp-json\/wp\/v2\/users\/3"}],"replies":[{"embeddable":true,"href":"https:\/\/www.cne.cl\/en\/wp-json\/wp\/v2\/comments?post=49766"}],"version-history":[{"count":5,"href":"https:\/\/www.cne.cl\/en\/wp-json\/wp\/v2\/pages\/49766\/revisions"}],"predecessor-version":[{"id":50601,"href":"https:\/\/www.cne.cl\/en\/wp-json\/wp\/v2\/pages\/49766\/revisions\/50601"}],"up":[{"embeddable":true,"href":"https:\/\/www.cne.cl\/en\/wp-json\/wp\/v2\/pages\/49717"}],"wp:featuredmedia":[{"embeddable":true,"href":"https:\/\/www.cne.cl\/en\/wp-json\/wp\/v2\/media\/49767"}],"wp:attachment":[{"href":"https:\/\/www.cne.cl\/en\/wp-json\/wp\/v2\/media?parent=49766"}],"curies":[{"name":"wp","href":"https:\/\/api.w.org\/{rel}","templated":true}]}}