

{"id":49692,"date":"2023-10-02T12:42:04","date_gmt":"2023-10-02T15:42:04","guid":{"rendered":"https:\/\/www.cne.cl\/?page_id=49692"},"modified":"2023-12-28T11:29:31","modified_gmt":"2023-12-28T14:29:31","slug":"cne-inicia-proceso-de-licitacion-de-estudio-de-analisis-de-norma-tecnica-de-seguridad-y-calidad-de-servicio","status":"publish","type":"page","link":"https:\/\/www.cne.cl\/en\/prensa\/prensa-2023\/08-septiembre-2023\/cne-inicia-proceso-de-licitacion-de-estudio-de-analisis-de-norma-tecnica-de-seguridad-y-calidad-de-servicio\/","title":{"rendered":"(Espa\u00f1ol) CNE inicia proceso de licitaci\u00f3n de estudio de an\u00e1lisis de Norma T\u00e9cnica de Seguridad y Calidad de Servicio"},"content":{"rendered":"<p class=\"qtranxs-available-languages-message qtranxs-available-languages-message-en\">Sorry, this entry is only available in <a href=\"https:\/\/www.cne.cl\/es\/wp-json\/wp\/v2\/pages\/49692\" class=\"qtranxs-available-language-link qtranxs-available-language-link-es\" title=\"Espa\u00f1ol\">European Spanish<\/a>.<\/p>","protected":false},"excerpt":{"rendered":"<p>Sorry, this entry is only available in European Spanish.<\/p>\n","protected":false},"author":3,"featured_media":0,"parent":49579,"menu_order":0,"comment_status":"closed","ping_status":"closed","template":"entrada-prensa.php","meta":[],"_links":{"self":[{"href":"https:\/\/www.cne.cl\/en\/wp-json\/wp\/v2\/pages\/49692"}],"collection":[{"href":"https:\/\/www.cne.cl\/en\/wp-json\/wp\/v2\/pages"}],"about":[{"href":"https:\/\/www.cne.cl\/en\/wp-json\/wp\/v2\/types\/page"}],"author":[{"embeddable":true,"href":"https:\/\/www.cne.cl\/en\/wp-json\/wp\/v2\/users\/3"}],"replies":[{"embeddable":true,"href":"https:\/\/www.cne.cl\/en\/wp-json\/wp\/v2\/comments?post=49692"}],"version-history":[{"count":6,"href":"https:\/\/www.cne.cl\/en\/wp-json\/wp\/v2\/pages\/49692\/revisions"}],"predecessor-version":[{"id":50590,"href":"https:\/\/www.cne.cl\/en\/wp-json\/wp\/v2\/pages\/49692\/revisions\/50590"}],"up":[{"embeddable":true,"href":"https:\/\/www.cne.cl\/en\/wp-json\/wp\/v2\/pages\/49579"}],"wp:attachment":[{"href":"https:\/\/www.cne.cl\/en\/wp-json\/wp\/v2\/media?parent=49692"}],"curies":[{"name":"wp","href":"https:\/\/api.w.org\/{rel}","templated":true}]}}