

{"id":49577,"date":"2023-09-21T15:20:40","date_gmt":"2023-09-21T18:20:40","guid":{"rendered":"https:\/\/www.cne.cl\/?page_id=49577"},"modified":"2024-02-09T12:58:08","modified_gmt":"2024-02-09T15:58:08","slug":"cne-abre-consulta-publica-de-norma-tecnica-de-calidad-y-seguridad-de-servicio","status":"publish","type":"page","link":"https:\/\/www.cne.cl\/en\/prensa\/prensa-2023\/agosto-2023\/cne-abre-consulta-publica-de-norma-tecnica-de-calidad-y-seguridad-de-servicio\/","title":{"rendered":"(Espa\u00f1ol) CNE abre consulta p\u00fablica de Norma T\u00e9cnica de Calidad y Seguridad de Servicio"},"content":{"rendered":"<p class=\"qtranxs-available-languages-message qtranxs-available-languages-message-en\">Sorry, this entry is only available in <a href=\"https:\/\/www.cne.cl\/es\/wp-json\/wp\/v2\/pages\/49577\" class=\"qtranxs-available-language-link qtranxs-available-language-link-es\" title=\"Espa\u00f1ol\">European Spanish<\/a>.<\/p>","protected":false},"excerpt":{"rendered":"<p>Sorry, this entry is only available in European Spanish.<\/p>\n","protected":false},"author":3,"featured_media":48857,"parent":49155,"menu_order":0,"comment_status":"closed","ping_status":"closed","template":"entrada-prensa.php","meta":[],"_links":{"self":[{"href":"https:\/\/www.cne.cl\/en\/wp-json\/wp\/v2\/pages\/49577"}],"collection":[{"href":"https:\/\/www.cne.cl\/en\/wp-json\/wp\/v2\/pages"}],"about":[{"href":"https:\/\/www.cne.cl\/en\/wp-json\/wp\/v2\/types\/page"}],"author":[{"embeddable":true,"href":"https:\/\/www.cne.cl\/en\/wp-json\/wp\/v2\/users\/3"}],"replies":[{"embeddable":true,"href":"https:\/\/www.cne.cl\/en\/wp-json\/wp\/v2\/comments?post=49577"}],"version-history":[{"count":5,"href":"https:\/\/www.cne.cl\/en\/wp-json\/wp\/v2\/pages\/49577\/revisions"}],"predecessor-version":[{"id":51103,"href":"https:\/\/www.cne.cl\/en\/wp-json\/wp\/v2\/pages\/49577\/revisions\/51103"}],"up":[{"embeddable":true,"href":"https:\/\/www.cne.cl\/en\/wp-json\/wp\/v2\/pages\/49155"}],"wp:featuredmedia":[{"embeddable":true,"href":"https:\/\/www.cne.cl\/en\/wp-json\/wp\/v2\/media\/48857"}],"wp:attachment":[{"href":"https:\/\/www.cne.cl\/en\/wp-json\/wp\/v2\/media?parent=49577"}],"curies":[{"name":"wp","href":"https:\/\/api.w.org\/{rel}","templated":true}]}}