

{"id":49451,"date":"2023-08-30T10:23:30","date_gmt":"2023-08-30T14:23:30","guid":{"rendered":"https:\/\/www.cne.cl\/?page_id=49451"},"modified":"2023-11-08T08:15:45","modified_gmt":"2023-11-08T11:15:45","slug":"cne-publico-listado-de-14-obras-urgentes-en-transmision-del-open-season-que-califican-para-ser-aprobadas-en-miras-del-fortalecimiento-de-los-sistemas-de-transmision","status":"publish","type":"page","link":"https:\/\/www.cne.cl\/en\/prensa\/prensa-2023\/agosto-2023\/cne-publico-listado-de-14-obras-urgentes-en-transmision-del-open-season-que-califican-para-ser-aprobadas-en-miras-del-fortalecimiento-de-los-sistemas-de-transmision\/","title":{"rendered":"(Espa\u00f1ol) CNE public\u00f3 listado de 14 obras urgentes en transmisi\u00f3n del open season que califican para ser aprobadas en miras del fortalecimiento de los sistemas de transmisi\u00f3n"},"content":{"rendered":"<p class=\"qtranxs-available-languages-message qtranxs-available-languages-message-en\">Sorry, this entry is only available in <a href=\"https:\/\/www.cne.cl\/es\/wp-json\/wp\/v2\/pages\/49451\" class=\"qtranxs-available-language-link qtranxs-available-language-link-es\" title=\"Espa\u00f1ol\">European Spanish<\/a>.<\/p>","protected":false},"excerpt":{"rendered":"<p>Sorry, this entry is only available in European Spanish.<\/p>\n","protected":false},"author":3,"featured_media":0,"parent":49155,"menu_order":0,"comment_status":"closed","ping_status":"closed","template":"entrada-prensa.php","meta":[],"_links":{"self":[{"href":"https:\/\/www.cne.cl\/en\/wp-json\/wp\/v2\/pages\/49451"}],"collection":[{"href":"https:\/\/www.cne.cl\/en\/wp-json\/wp\/v2\/pages"}],"about":[{"href":"https:\/\/www.cne.cl\/en\/wp-json\/wp\/v2\/types\/page"}],"author":[{"embeddable":true,"href":"https:\/\/www.cne.cl\/en\/wp-json\/wp\/v2\/users\/3"}],"replies":[{"embeddable":true,"href":"https:\/\/www.cne.cl\/en\/wp-json\/wp\/v2\/comments?post=49451"}],"version-history":[{"count":3,"href":"https:\/\/www.cne.cl\/en\/wp-json\/wp\/v2\/pages\/49451\/revisions"}],"predecessor-version":[{"id":50048,"href":"https:\/\/www.cne.cl\/en\/wp-json\/wp\/v2\/pages\/49451\/revisions\/50048"}],"up":[{"embeddable":true,"href":"https:\/\/www.cne.cl\/en\/wp-json\/wp\/v2\/pages\/49155"}],"wp:attachment":[{"href":"https:\/\/www.cne.cl\/en\/wp-json\/wp\/v2\/media?parent=49451"}],"curies":[{"name":"wp","href":"https:\/\/api.w.org\/{rel}","templated":true}]}}