

{"id":49298,"date":"2023-08-17T07:48:29","date_gmt":"2023-08-17T11:48:29","guid":{"rendered":"https:\/\/www.cne.cl\/?page_id=49298"},"modified":"2023-11-08T08:16:34","modified_gmt":"2023-11-08T11:16:34","slug":"cne-abre-consulta-publica-de-la-modificacion-de-la-norma-tecnica-de-calidad-de-servicio-para-sistemas-de-distribucion","status":"publish","type":"page","link":"https:\/\/www.cne.cl\/en\/prensa\/prensa-2023\/agosto-2023\/cne-abre-consulta-publica-de-la-modificacion-de-la-norma-tecnica-de-calidad-de-servicio-para-sistemas-de-distribucion\/","title":{"rendered":"(Espa\u00f1ol) CNE abre Consulta P\u00fablica de la modificaci\u00f3n de la Norma T\u00e9cnica de calidad de servicio para sistemas de distribuci\u00f3n"},"content":{"rendered":"<p class=\"qtranxs-available-languages-message qtranxs-available-languages-message-en\">Sorry, this entry is only available in <a href=\"https:\/\/www.cne.cl\/es\/wp-json\/wp\/v2\/pages\/49298\" class=\"qtranxs-available-language-link qtranxs-available-language-link-es\" title=\"Espa\u00f1ol\">European Spanish<\/a>.<\/p>","protected":false},"excerpt":{"rendered":"<p>Sorry, this entry is only available in European Spanish.<\/p>\n","protected":false},"author":3,"featured_media":0,"parent":49155,"menu_order":0,"comment_status":"closed","ping_status":"closed","template":"entrada-prensa.php","meta":[],"_links":{"self":[{"href":"https:\/\/www.cne.cl\/en\/wp-json\/wp\/v2\/pages\/49298"}],"collection":[{"href":"https:\/\/www.cne.cl\/en\/wp-json\/wp\/v2\/pages"}],"about":[{"href":"https:\/\/www.cne.cl\/en\/wp-json\/wp\/v2\/types\/page"}],"author":[{"embeddable":true,"href":"https:\/\/www.cne.cl\/en\/wp-json\/wp\/v2\/users\/3"}],"replies":[{"embeddable":true,"href":"https:\/\/www.cne.cl\/en\/wp-json\/wp\/v2\/comments?post=49298"}],"version-history":[{"count":3,"href":"https:\/\/www.cne.cl\/en\/wp-json\/wp\/v2\/pages\/49298\/revisions"}],"predecessor-version":[{"id":50050,"href":"https:\/\/www.cne.cl\/en\/wp-json\/wp\/v2\/pages\/49298\/revisions\/50050"}],"up":[{"embeddable":true,"href":"https:\/\/www.cne.cl\/en\/wp-json\/wp\/v2\/pages\/49155"}],"wp:attachment":[{"href":"https:\/\/www.cne.cl\/en\/wp-json\/wp\/v2\/media?parent=49298"}],"curies":[{"name":"wp","href":"https:\/\/api.w.org\/{rel}","templated":true}]}}