

{"id":49163,"date":"2023-08-08T10:01:40","date_gmt":"2023-08-08T14:01:40","guid":{"rendered":"https:\/\/www.cne.cl\/?page_id=49163"},"modified":"2023-11-08T08:17:07","modified_gmt":"2023-11-08T11:17:07","slug":"innovaciones-a-la-licitacion-de-suministro-fue-un-tema-abordado-en-segunda-sesion-del-cosoc-paritario-de-la-cne-2023-2024","status":"publish","type":"page","link":"https:\/\/www.cne.cl\/en\/prensa\/prensa-2023\/agosto-2023\/innovaciones-a-la-licitacion-de-suministro-fue-un-tema-abordado-en-segunda-sesion-del-cosoc-paritario-de-la-cne-2023-2024\/","title":{"rendered":"(Espa\u00f1ol) Innovaciones a la licitaci\u00f3n de suministro fue un tema abordado en segunda sesi\u00f3n del COSOC Paritario de la CNE 2023-2024"},"content":{"rendered":"<p class=\"qtranxs-available-languages-message qtranxs-available-languages-message-en\">Sorry, this entry is only available in <a href=\"https:\/\/www.cne.cl\/es\/wp-json\/wp\/v2\/pages\/49163\" class=\"qtranxs-available-language-link qtranxs-available-language-link-es\" title=\"Espa\u00f1ol\">European Spanish<\/a>.<\/p>","protected":false},"excerpt":{"rendered":"<p>Sorry, this entry is only available in European Spanish.<\/p>\n","protected":false},"author":3,"featured_media":49165,"parent":49155,"menu_order":0,"comment_status":"closed","ping_status":"closed","template":"entrada-prensa.php","meta":[],"_links":{"self":[{"href":"https:\/\/www.cne.cl\/en\/wp-json\/wp\/v2\/pages\/49163"}],"collection":[{"href":"https:\/\/www.cne.cl\/en\/wp-json\/wp\/v2\/pages"}],"about":[{"href":"https:\/\/www.cne.cl\/en\/wp-json\/wp\/v2\/types\/page"}],"author":[{"embeddable":true,"href":"https:\/\/www.cne.cl\/en\/wp-json\/wp\/v2\/users\/3"}],"replies":[{"embeddable":true,"href":"https:\/\/www.cne.cl\/en\/wp-json\/wp\/v2\/comments?post=49163"}],"version-history":[{"count":3,"href":"https:\/\/www.cne.cl\/en\/wp-json\/wp\/v2\/pages\/49163\/revisions"}],"predecessor-version":[{"id":50051,"href":"https:\/\/www.cne.cl\/en\/wp-json\/wp\/v2\/pages\/49163\/revisions\/50051"}],"up":[{"embeddable":true,"href":"https:\/\/www.cne.cl\/en\/wp-json\/wp\/v2\/pages\/49155"}],"wp:featuredmedia":[{"embeddable":true,"href":"https:\/\/www.cne.cl\/en\/wp-json\/wp\/v2\/media\/49165"}],"wp:attachment":[{"href":"https:\/\/www.cne.cl\/en\/wp-json\/wp\/v2\/media?parent=49163"}],"curies":[{"name":"wp","href":"https:\/\/api.w.org\/{rel}","templated":true}]}}