

{"id":4908,"date":"2015-10-26T18:42:16","date_gmt":"2015-10-26T21:42:16","guid":{"rendered":"http:\/\/www.cne.cl\/?page_id=4908"},"modified":"2016-01-08T18:42:37","modified_gmt":"2016-01-08T21:42:37","slug":"gobierno-destaca-historico-resultado-de-licitacion-de-suministro-de-energia-electrica-para-clientes-regulados","status":"publish","type":"page","link":"https:\/\/www.cne.cl\/en\/prensa\/prensa-2015\/octubre-2015\/gobierno-destaca-historico-resultado-de-licitacion-de-suministro-de-energia-electrica-para-clientes-regulados\/","title":{"rendered":"Gobierno destaca hist\u00f3rico resultado de Licitaci\u00f3n de Suministro de energ\u00eda el\u00e9ctrica para clientes regulados."},"content":{"rendered":"<p class=\"qtranxs-available-languages-message qtranxs-available-languages-message-en\">Sorry, this entry is only available in <a href=\"https:\/\/www.cne.cl\/es\/wp-json\/wp\/v2\/pages\/4908\" class=\"qtranxs-available-language-link qtranxs-available-language-link-es\" title=\"Espa\u00f1ol\">European Spanish<\/a>.<\/p>","protected":false},"excerpt":{"rendered":"<p>Sorry, this entry is only available in European Spanish.<\/p>\n","protected":false},"author":1,"featured_media":4910,"parent":4905,"menu_order":0,"comment_status":"closed","ping_status":"closed","template":"","meta":[],"_links":{"self":[{"href":"https:\/\/www.cne.cl\/en\/wp-json\/wp\/v2\/pages\/4908"}],"collection":[{"href":"https:\/\/www.cne.cl\/en\/wp-json\/wp\/v2\/pages"}],"about":[{"href":"https:\/\/www.cne.cl\/en\/wp-json\/wp\/v2\/types\/page"}],"author":[{"embeddable":true,"href":"https:\/\/www.cne.cl\/en\/wp-json\/wp\/v2\/users\/1"}],"replies":[{"embeddable":true,"href":"https:\/\/www.cne.cl\/en\/wp-json\/wp\/v2\/comments?post=4908"}],"version-history":[{"count":1,"href":"https:\/\/www.cne.cl\/en\/wp-json\/wp\/v2\/pages\/4908\/revisions"}],"predecessor-version":[{"id":4912,"href":"https:\/\/www.cne.cl\/en\/wp-json\/wp\/v2\/pages\/4908\/revisions\/4912"}],"up":[{"embeddable":true,"href":"https:\/\/www.cne.cl\/en\/wp-json\/wp\/v2\/pages\/4905"}],"wp:featuredmedia":[{"embeddable":true,"href":"https:\/\/www.cne.cl\/en\/wp-json\/wp\/v2\/media\/4910"}],"wp:attachment":[{"href":"https:\/\/www.cne.cl\/en\/wp-json\/wp\/v2\/media?parent=4908"}],"curies":[{"name":"wp","href":"https:\/\/api.w.org\/{rel}","templated":true}]}}