

{"id":49000,"date":"2023-07-18T11:45:00","date_gmt":"2023-07-18T15:45:00","guid":{"rendered":"https:\/\/www.cne.cl\/?page_id=49000"},"modified":"2023-10-05T15:28:09","modified_gmt":"2023-10-05T18:28:09","slug":"cne-aprobo-el-termino-anticipado-por-fuerza-mayor-de-los-contratos-de-suministro-de-huemul-energia-spa-respaldados-por-el-proyecto-ckani","status":"publish","type":"page","link":"https:\/\/www.cne.cl\/en\/prensa\/prensa-2023\/julio-2023\/cne-aprobo-el-termino-anticipado-por-fuerza-mayor-de-los-contratos-de-suministro-de-huemul-energia-spa-respaldados-por-el-proyecto-ckani\/","title":{"rendered":"(Espa\u00f1ol) CNE aprob\u00f3 el t\u00e9rmino anticipado por fuerza mayor de los contratos de suministro de Huemul Energ\u00eda SpA respaldados por el proyecto Ckani"},"content":{"rendered":"<p class=\"qtranxs-available-languages-message qtranxs-available-languages-message-en\">Sorry, this entry is only available in <a href=\"https:\/\/www.cne.cl\/es\/wp-json\/wp\/v2\/pages\/49000\" class=\"qtranxs-available-language-link qtranxs-available-language-link-es\" title=\"Espa\u00f1ol\">European Spanish<\/a>.<\/p>","protected":false},"excerpt":{"rendered":"<p>Sorry, this entry is only available in European Spanish.<\/p>\n","protected":false},"author":3,"featured_media":0,"parent":48904,"menu_order":0,"comment_status":"closed","ping_status":"closed","template":"entrada-prensa.php","meta":[],"_links":{"self":[{"href":"https:\/\/www.cne.cl\/en\/wp-json\/wp\/v2\/pages\/49000"}],"collection":[{"href":"https:\/\/www.cne.cl\/en\/wp-json\/wp\/v2\/pages"}],"about":[{"href":"https:\/\/www.cne.cl\/en\/wp-json\/wp\/v2\/types\/page"}],"author":[{"embeddable":true,"href":"https:\/\/www.cne.cl\/en\/wp-json\/wp\/v2\/users\/3"}],"replies":[{"embeddable":true,"href":"https:\/\/www.cne.cl\/en\/wp-json\/wp\/v2\/comments?post=49000"}],"version-history":[{"count":3,"href":"https:\/\/www.cne.cl\/en\/wp-json\/wp\/v2\/pages\/49000\/revisions"}],"predecessor-version":[{"id":49764,"href":"https:\/\/www.cne.cl\/en\/wp-json\/wp\/v2\/pages\/49000\/revisions\/49764"}],"up":[{"embeddable":true,"href":"https:\/\/www.cne.cl\/en\/wp-json\/wp\/v2\/pages\/48904"}],"wp:attachment":[{"href":"https:\/\/www.cne.cl\/en\/wp-json\/wp\/v2\/media?parent=49000"}],"curies":[{"name":"wp","href":"https:\/\/api.w.org\/{rel}","templated":true}]}}