

{"id":48966,"date":"2023-07-11T12:40:24","date_gmt":"2023-07-11T16:40:24","guid":{"rendered":"https:\/\/www.cne.cl\/?page_id=48966"},"modified":"2023-11-08T08:18:38","modified_gmt":"2023-11-08T11:18:38","slug":"cne-emitio-las-bases-definitivas-para-la-licitacion-de-suministro-electrico-2023-01","status":"publish","type":"page","link":"https:\/\/www.cne.cl\/en\/prensa\/prensa-2023\/julio-2023\/cne-emitio-las-bases-definitivas-para-la-licitacion-de-suministro-electrico-2023-01\/","title":{"rendered":"(Espa\u00f1ol) CNE emiti\u00f3 las bases definitivas para la licitaci\u00f3n de suministro el\u00e9ctrico 2023\/01"},"content":{"rendered":"<p class=\"qtranxs-available-languages-message qtranxs-available-languages-message-en\">Sorry, this entry is only available in <a href=\"https:\/\/www.cne.cl\/es\/wp-json\/wp\/v2\/pages\/48966\" class=\"qtranxs-available-language-link qtranxs-available-language-link-es\" title=\"Espa\u00f1ol\">European Spanish<\/a>.<\/p>","protected":false},"excerpt":{"rendered":"<p>Sorry, this entry is only available in European Spanish.<\/p>\n","protected":false},"author":6,"featured_media":48967,"parent":48904,"menu_order":0,"comment_status":"closed","ping_status":"closed","template":"entrada-prensa.php","meta":[],"_links":{"self":[{"href":"https:\/\/www.cne.cl\/en\/wp-json\/wp\/v2\/pages\/48966"}],"collection":[{"href":"https:\/\/www.cne.cl\/en\/wp-json\/wp\/v2\/pages"}],"about":[{"href":"https:\/\/www.cne.cl\/en\/wp-json\/wp\/v2\/types\/page"}],"author":[{"embeddable":true,"href":"https:\/\/www.cne.cl\/en\/wp-json\/wp\/v2\/users\/6"}],"replies":[{"embeddable":true,"href":"https:\/\/www.cne.cl\/en\/wp-json\/wp\/v2\/comments?post=48966"}],"version-history":[{"count":4,"href":"https:\/\/www.cne.cl\/en\/wp-json\/wp\/v2\/pages\/48966\/revisions"}],"predecessor-version":[{"id":50054,"href":"https:\/\/www.cne.cl\/en\/wp-json\/wp\/v2\/pages\/48966\/revisions\/50054"}],"up":[{"embeddable":true,"href":"https:\/\/www.cne.cl\/en\/wp-json\/wp\/v2\/pages\/48904"}],"wp:featuredmedia":[{"embeddable":true,"href":"https:\/\/www.cne.cl\/en\/wp-json\/wp\/v2\/media\/48967"}],"wp:attachment":[{"href":"https:\/\/www.cne.cl\/en\/wp-json\/wp\/v2\/media?parent=48966"}],"curies":[{"name":"wp","href":"https:\/\/api.w.org\/{rel}","templated":true}]}}