

{"id":48850,"date":"2023-06-29T12:45:49","date_gmt":"2023-06-29T16:45:49","guid":{"rendered":"https:\/\/www.cne.cl\/prensa\/prensa-2023\/06-junio-2023\/cne-publica-capitulo-sobre-declaracion-de-costos-variables-de-la-norma-tecnica-de-coordinacion-y-operacion\/"},"modified":"2023-10-05T15:27:00","modified_gmt":"2023-10-05T18:27:00","slug":"cne-publica-capitulo-sobre-declaracion-de-costos-variables-de-la-norma-tecnica-de-coordinacion-y-operacion","status":"publish","type":"page","link":"https:\/\/www.cne.cl\/en\/prensa\/prensa-2023\/06-junio-2023\/cne-publica-capitulo-sobre-declaracion-de-costos-variables-de-la-norma-tecnica-de-coordinacion-y-operacion\/","title":{"rendered":"CNE publica cap\u00edtulo sobre Declaraci\u00f3n de Costos Variables de la Norma T\u00e9cnica de Coordinaci\u00f3n y Operaci\u00f3n"},"content":{"rendered":"<p class=\"qtranxs-available-languages-message qtranxs-available-languages-message-en\">Sorry, this entry is only available in <a href=\"https:\/\/www.cne.cl\/es\/wp-json\/wp\/v2\/pages\/48850\" class=\"qtranxs-available-language-link qtranxs-available-language-link-es\" title=\"Espa\u00f1ol\">European Spanish<\/a>.<\/p>","protected":false},"excerpt":{"rendered":"<p>Sorry, this entry is only available in European Spanish.<\/p>\n","protected":false},"author":3,"featured_media":0,"parent":48685,"menu_order":2,"comment_status":"closed","ping_status":"closed","template":"entrada-prensa.php","meta":[],"_links":{"self":[{"href":"https:\/\/www.cne.cl\/en\/wp-json\/wp\/v2\/pages\/48850"}],"collection":[{"href":"https:\/\/www.cne.cl\/en\/wp-json\/wp\/v2\/pages"}],"about":[{"href":"https:\/\/www.cne.cl\/en\/wp-json\/wp\/v2\/types\/page"}],"author":[{"embeddable":true,"href":"https:\/\/www.cne.cl\/en\/wp-json\/wp\/v2\/users\/3"}],"replies":[{"embeddable":true,"href":"https:\/\/www.cne.cl\/en\/wp-json\/wp\/v2\/comments?post=48850"}],"version-history":[{"count":3,"href":"https:\/\/www.cne.cl\/en\/wp-json\/wp\/v2\/pages\/48850\/revisions"}],"predecessor-version":[{"id":49762,"href":"https:\/\/www.cne.cl\/en\/wp-json\/wp\/v2\/pages\/48850\/revisions\/49762"}],"up":[{"embeddable":true,"href":"https:\/\/www.cne.cl\/en\/wp-json\/wp\/v2\/pages\/48685"}],"wp:attachment":[{"href":"https:\/\/www.cne.cl\/en\/wp-json\/wp\/v2\/media?parent=48850"}],"curies":[{"name":"wp","href":"https:\/\/api.w.org\/{rel}","templated":true}]}}