

{"id":48687,"date":"2023-05-31T13:00:13","date_gmt":"2023-05-31T17:00:13","guid":{"rendered":"https:\/\/www.cne.cl\/?page_id=48687"},"modified":"2023-08-30T10:26:23","modified_gmt":"2023-08-30T14:26:23","slug":"cne-mostro-los-principales-hitos-de-su-gestion-2022-en-cuenta-publica-participativa","status":"publish","type":"page","link":"https:\/\/www.cne.cl\/en\/prensa\/prensa-2023\/mayo-2023\/cne-mostro-los-principales-hitos-de-su-gestion-2022-en-cuenta-publica-participativa\/","title":{"rendered":"(Espa\u00f1ol) CNE mostr\u00f3 los principales hitos de su gesti\u00f3n 2022 en Cuenta P\u00fablica Participativa"},"content":{"rendered":"<p class=\"qtranxs-available-languages-message qtranxs-available-languages-message-en\">Sorry, this entry is only available in <a href=\"https:\/\/www.cne.cl\/es\/wp-json\/wp\/v2\/pages\/48687\" class=\"qtranxs-available-language-link qtranxs-available-language-link-es\" title=\"Espa\u00f1ol\">European Spanish<\/a>.<\/p>","protected":false},"excerpt":{"rendered":"<p>Sorry, this entry is only available in European Spanish.<\/p>\n","protected":false},"author":3,"featured_media":48690,"parent":48139,"menu_order":0,"comment_status":"closed","ping_status":"closed","template":"entrada-prensa.php","meta":[],"_links":{"self":[{"href":"https:\/\/www.cne.cl\/en\/wp-json\/wp\/v2\/pages\/48687"}],"collection":[{"href":"https:\/\/www.cne.cl\/en\/wp-json\/wp\/v2\/pages"}],"about":[{"href":"https:\/\/www.cne.cl\/en\/wp-json\/wp\/v2\/types\/page"}],"author":[{"embeddable":true,"href":"https:\/\/www.cne.cl\/en\/wp-json\/wp\/v2\/users\/3"}],"replies":[{"embeddable":true,"href":"https:\/\/www.cne.cl\/en\/wp-json\/wp\/v2\/comments?post=48687"}],"version-history":[{"count":4,"href":"https:\/\/www.cne.cl\/en\/wp-json\/wp\/v2\/pages\/48687\/revisions"}],"predecessor-version":[{"id":49457,"href":"https:\/\/www.cne.cl\/en\/wp-json\/wp\/v2\/pages\/48687\/revisions\/49457"}],"up":[{"embeddable":true,"href":"https:\/\/www.cne.cl\/en\/wp-json\/wp\/v2\/pages\/48139"}],"wp:featuredmedia":[{"embeddable":true,"href":"https:\/\/www.cne.cl\/en\/wp-json\/wp\/v2\/media\/48690"}],"wp:attachment":[{"href":"https:\/\/www.cne.cl\/en\/wp-json\/wp\/v2\/media?parent=48687"}],"curies":[{"name":"wp","href":"https:\/\/api.w.org\/{rel}","templated":true}]}}