

{"id":48338,"date":"2023-05-18T15:26:24","date_gmt":"2023-05-18T19:26:24","guid":{"rendered":"https:\/\/www.cne.cl\/?page_id=48338"},"modified":"2023-08-30T10:26:02","modified_gmt":"2023-08-30T14:26:02","slug":"webinar-de-la-cne-mostro-los-principales-cambios-que-se-buscan-aplicar-a-la-norma-tecnica-de-conexion-y-operacion-de-pmgd","status":"publish","type":"page","link":"https:\/\/www.cne.cl\/en\/prensa\/prensa-2023\/mayo-2023\/webinar-de-la-cne-mostro-los-principales-cambios-que-se-buscan-aplicar-a-la-norma-tecnica-de-conexion-y-operacion-de-pmgd\/","title":{"rendered":"(Espa\u00f1ol) Webinar de la CNE mostr\u00f3 los principales cambios que se buscan aplicar a la Norma T\u00e9cnica de Conexi\u00f3n y Operaci\u00f3n de PMGD"},"content":{"rendered":"<p class=\"qtranxs-available-languages-message qtranxs-available-languages-message-en\">Sorry, this entry is only available in <a href=\"https:\/\/www.cne.cl\/es\/wp-json\/wp\/v2\/pages\/48338\" class=\"qtranxs-available-language-link qtranxs-available-language-link-es\" title=\"Espa\u00f1ol\">European Spanish<\/a>.<\/p>","protected":false},"excerpt":{"rendered":"<p>Sorry, this entry is only available in European Spanish.<\/p>\n","protected":false},"author":3,"featured_media":48340,"parent":48139,"menu_order":2,"comment_status":"closed","ping_status":"closed","template":"entrada-prensa.php","meta":[],"_links":{"self":[{"href":"https:\/\/www.cne.cl\/en\/wp-json\/wp\/v2\/pages\/48338"}],"collection":[{"href":"https:\/\/www.cne.cl\/en\/wp-json\/wp\/v2\/pages"}],"about":[{"href":"https:\/\/www.cne.cl\/en\/wp-json\/wp\/v2\/types\/page"}],"author":[{"embeddable":true,"href":"https:\/\/www.cne.cl\/en\/wp-json\/wp\/v2\/users\/3"}],"replies":[{"embeddable":true,"href":"https:\/\/www.cne.cl\/en\/wp-json\/wp\/v2\/comments?post=48338"}],"version-history":[{"count":6,"href":"https:\/\/www.cne.cl\/en\/wp-json\/wp\/v2\/pages\/48338\/revisions"}],"predecessor-version":[{"id":49456,"href":"https:\/\/www.cne.cl\/en\/wp-json\/wp\/v2\/pages\/48338\/revisions\/49456"}],"up":[{"embeddable":true,"href":"https:\/\/www.cne.cl\/en\/wp-json\/wp\/v2\/pages\/48139"}],"wp:featuredmedia":[{"embeddable":true,"href":"https:\/\/www.cne.cl\/en\/wp-json\/wp\/v2\/media\/48340"}],"wp:attachment":[{"href":"https:\/\/www.cne.cl\/en\/wp-json\/wp\/v2\/media?parent=48338"}],"curies":[{"name":"wp","href":"https:\/\/api.w.org\/{rel}","templated":true}]}}