

{"id":48267,"date":"2023-05-16T10:21:50","date_gmt":"2023-05-16T14:21:50","guid":{"rendered":"https:\/\/www.cne.cl\/?page_id=48267"},"modified":"2023-08-30T10:25:34","modified_gmt":"2023-08-30T14:25:34","slug":"cne-lanza-convocatoria-de-open-season-para-el-desarrollo-de-obras-de-transmision-urgentes-del-sistema-electrico-nacional","status":"publish","type":"page","link":"https:\/\/www.cne.cl\/en\/prensa\/prensa-2023\/mayo-2023\/cne-lanza-convocatoria-de-open-season-para-el-desarrollo-de-obras-de-transmision-urgentes-del-sistema-electrico-nacional\/","title":{"rendered":"(Espa\u00f1ol) CNE lanza convocatoria de Open Season para el desarrollo de obras de transmisi\u00f3n urgentes del sistema el\u00e9ctrico nacional"},"content":{"rendered":"<p class=\"qtranxs-available-languages-message qtranxs-available-languages-message-en\">Sorry, this entry is only available in <a href=\"https:\/\/www.cne.cl\/es\/wp-json\/wp\/v2\/pages\/48267\" class=\"qtranxs-available-language-link qtranxs-available-language-link-es\" title=\"Espa\u00f1ol\">European Spanish<\/a>.<\/p>","protected":false},"excerpt":{"rendered":"<p>Sorry, this entry is only available in European Spanish.<\/p>\n","protected":false},"author":3,"featured_media":48268,"parent":48139,"menu_order":1,"comment_status":"closed","ping_status":"closed","template":"entrada-prensa.php","meta":[],"_links":{"self":[{"href":"https:\/\/www.cne.cl\/en\/wp-json\/wp\/v2\/pages\/48267"}],"collection":[{"href":"https:\/\/www.cne.cl\/en\/wp-json\/wp\/v2\/pages"}],"about":[{"href":"https:\/\/www.cne.cl\/en\/wp-json\/wp\/v2\/types\/page"}],"author":[{"embeddable":true,"href":"https:\/\/www.cne.cl\/en\/wp-json\/wp\/v2\/users\/3"}],"replies":[{"embeddable":true,"href":"https:\/\/www.cne.cl\/en\/wp-json\/wp\/v2\/comments?post=48267"}],"version-history":[{"count":5,"href":"https:\/\/www.cne.cl\/en\/wp-json\/wp\/v2\/pages\/48267\/revisions"}],"predecessor-version":[{"id":49455,"href":"https:\/\/www.cne.cl\/en\/wp-json\/wp\/v2\/pages\/48267\/revisions\/49455"}],"up":[{"embeddable":true,"href":"https:\/\/www.cne.cl\/en\/wp-json\/wp\/v2\/pages\/48139"}],"wp:featuredmedia":[{"embeddable":true,"href":"https:\/\/www.cne.cl\/en\/wp-json\/wp\/v2\/media\/48268"}],"wp:attachment":[{"href":"https:\/\/www.cne.cl\/en\/wp-json\/wp\/v2\/media?parent=48267"}],"curies":[{"name":"wp","href":"https:\/\/api.w.org\/{rel}","templated":true}]}}