

{"id":48158,"date":"2023-05-09T11:10:25","date_gmt":"2023-05-09T15:10:25","guid":{"rendered":"https:\/\/www.cne.cl\/prensa\/prensa-2023\/mayo-2023\/cne-emitio-informe-tecnico-final-del-plan-de-expansion-de-la-transmision-2022\/"},"modified":"2023-08-30T10:25:16","modified_gmt":"2023-08-30T14:25:16","slug":"cne-emitio-informe-tecnico-final-del-plan-de-expansion-de-la-transmision-2022","status":"publish","type":"page","link":"https:\/\/www.cne.cl\/en\/prensa\/prensa-2023\/mayo-2023\/cne-emitio-informe-tecnico-final-del-plan-de-expansion-de-la-transmision-2022\/","title":{"rendered":"CNE emiti\u00f3 Informe T\u00e9cnico Final del Plan de Expansi\u00f3n de la Transmisi\u00f3n 2022"},"content":{"rendered":"<p class=\"qtranxs-available-languages-message qtranxs-available-languages-message-en\">Sorry, this entry is only available in <a href=\"https:\/\/www.cne.cl\/es\/wp-json\/wp\/v2\/pages\/48158\" class=\"qtranxs-available-language-link qtranxs-available-language-link-es\" title=\"Espa\u00f1ol\">European Spanish<\/a>.<\/p>","protected":false},"excerpt":{"rendered":"<p>Sorry, this entry is only available in European Spanish.<\/p>\n","protected":false},"author":3,"featured_media":0,"parent":48139,"menu_order":3,"comment_status":"closed","ping_status":"closed","template":"entrada-prensa.php","meta":[],"_links":{"self":[{"href":"https:\/\/www.cne.cl\/en\/wp-json\/wp\/v2\/pages\/48158"}],"collection":[{"href":"https:\/\/www.cne.cl\/en\/wp-json\/wp\/v2\/pages"}],"about":[{"href":"https:\/\/www.cne.cl\/en\/wp-json\/wp\/v2\/types\/page"}],"author":[{"embeddable":true,"href":"https:\/\/www.cne.cl\/en\/wp-json\/wp\/v2\/users\/3"}],"replies":[{"embeddable":true,"href":"https:\/\/www.cne.cl\/en\/wp-json\/wp\/v2\/comments?post=48158"}],"version-history":[{"count":4,"href":"https:\/\/www.cne.cl\/en\/wp-json\/wp\/v2\/pages\/48158\/revisions"}],"predecessor-version":[{"id":49454,"href":"https:\/\/www.cne.cl\/en\/wp-json\/wp\/v2\/pages\/48158\/revisions\/49454"}],"up":[{"embeddable":true,"href":"https:\/\/www.cne.cl\/en\/wp-json\/wp\/v2\/pages\/48139"}],"wp:attachment":[{"href":"https:\/\/www.cne.cl\/en\/wp-json\/wp\/v2\/media?parent=48158"}],"curies":[{"name":"wp","href":"https:\/\/api.w.org\/{rel}","templated":true}]}}