

{"id":47974,"date":"2023-04-21T13:08:27","date_gmt":"2023-04-21T17:08:27","guid":{"rendered":"https:\/\/www.cne.cl\/prensa\/prensa-2023\/04-abril-2023\/cne-se-asocia-a-la-comision-de-integracion-energetica-regional\/"},"modified":"2023-06-05T09:39:39","modified_gmt":"2023-06-05T13:39:39","slug":"cne-se-asocia-a-la-comision-de-integracion-energetica-regional","status":"publish","type":"page","link":"https:\/\/www.cne.cl\/en\/prensa\/prensa-2023\/04-abril-2023\/cne-se-asocia-a-la-comision-de-integracion-energetica-regional\/","title":{"rendered":"CNE se asocia a la Comisi\u00f3n de Integraci\u00f3n Energ\u00e9tica Regional"},"content":{"rendered":"<p class=\"qtranxs-available-languages-message qtranxs-available-languages-message-en\">Sorry, this entry is only available in <a href=\"https:\/\/www.cne.cl\/es\/wp-json\/wp\/v2\/pages\/47974\" class=\"qtranxs-available-language-link qtranxs-available-language-link-es\" title=\"Espa\u00f1ol\">European Spanish<\/a>.<\/p>","protected":false},"excerpt":{"rendered":"<p>Sorry, this entry is only available in European Spanish.<\/p>\n","protected":false},"author":3,"featured_media":0,"parent":47838,"menu_order":4,"comment_status":"closed","ping_status":"closed","template":"entrada-prensa.php","meta":[],"_links":{"self":[{"href":"https:\/\/www.cne.cl\/en\/wp-json\/wp\/v2\/pages\/47974"}],"collection":[{"href":"https:\/\/www.cne.cl\/en\/wp-json\/wp\/v2\/pages"}],"about":[{"href":"https:\/\/www.cne.cl\/en\/wp-json\/wp\/v2\/types\/page"}],"author":[{"embeddable":true,"href":"https:\/\/www.cne.cl\/en\/wp-json\/wp\/v2\/users\/3"}],"replies":[{"embeddable":true,"href":"https:\/\/www.cne.cl\/en\/wp-json\/wp\/v2\/comments?post=47974"}],"version-history":[{"count":3,"href":"https:\/\/www.cne.cl\/en\/wp-json\/wp\/v2\/pages\/47974\/revisions"}],"predecessor-version":[{"id":48706,"href":"https:\/\/www.cne.cl\/en\/wp-json\/wp\/v2\/pages\/47974\/revisions\/48706"}],"up":[{"embeddable":true,"href":"https:\/\/www.cne.cl\/en\/wp-json\/wp\/v2\/pages\/47838"}],"wp:attachment":[{"href":"https:\/\/www.cne.cl\/en\/wp-json\/wp\/v2\/media?parent=47974"}],"curies":[{"name":"wp","href":"https:\/\/api.w.org\/{rel}","templated":true}]}}