

{"id":47920,"date":"2023-04-18T16:59:38","date_gmt":"2023-04-18T20:59:38","guid":{"rendered":"https:\/\/www.cne.cl\/prensa\/prensa-2023\/04-abril-2023\/cne-emitio-resolucion-exenta-que-elimina-compensacion-tipo-b-del-impuesto-verde\/"},"modified":"2023-07-24T08:19:41","modified_gmt":"2023-07-24T12:19:41","slug":"cne-emitio-resolucion-exenta-que-elimina-compensacion-tipo-b-del-impuesto-verde","status":"publish","type":"page","link":"https:\/\/www.cne.cl\/en\/prensa\/prensa-2023\/04-abril-2023\/cne-emitio-resolucion-exenta-que-elimina-compensacion-tipo-b-del-impuesto-verde\/","title":{"rendered":"CNE emiti\u00f3 Resoluci\u00f3n Exenta que elimina compensaci\u00f3n tipo B del impuesto verde"},"content":{"rendered":"<p class=\"qtranxs-available-languages-message qtranxs-available-languages-message-en\">Sorry, this entry is only available in <a href=\"https:\/\/www.cne.cl\/es\/wp-json\/wp\/v2\/pages\/47920\" class=\"qtranxs-available-language-link qtranxs-available-language-link-es\" title=\"Espa\u00f1ol\">European Spanish<\/a>.<\/p>","protected":false},"excerpt":{"rendered":"<p>Sorry, this entry is only available in European Spanish.<\/p>\n","protected":false},"author":2,"featured_media":45286,"parent":47838,"menu_order":3,"comment_status":"closed","ping_status":"closed","template":"entrada-prensa.php","meta":[],"_links":{"self":[{"href":"https:\/\/www.cne.cl\/en\/wp-json\/wp\/v2\/pages\/47920"}],"collection":[{"href":"https:\/\/www.cne.cl\/en\/wp-json\/wp\/v2\/pages"}],"about":[{"href":"https:\/\/www.cne.cl\/en\/wp-json\/wp\/v2\/types\/page"}],"author":[{"embeddable":true,"href":"https:\/\/www.cne.cl\/en\/wp-json\/wp\/v2\/users\/2"}],"replies":[{"embeddable":true,"href":"https:\/\/www.cne.cl\/en\/wp-json\/wp\/v2\/comments?post=47920"}],"version-history":[{"count":3,"href":"https:\/\/www.cne.cl\/en\/wp-json\/wp\/v2\/pages\/47920\/revisions"}],"predecessor-version":[{"id":49043,"href":"https:\/\/www.cne.cl\/en\/wp-json\/wp\/v2\/pages\/47920\/revisions\/49043"}],"up":[{"embeddable":true,"href":"https:\/\/www.cne.cl\/en\/wp-json\/wp\/v2\/pages\/47838"}],"wp:featuredmedia":[{"embeddable":true,"href":"https:\/\/www.cne.cl\/en\/wp-json\/wp\/v2\/media\/45286"}],"wp:attachment":[{"href":"https:\/\/www.cne.cl\/en\/wp-json\/wp\/v2\/media?parent=47920"}],"curies":[{"name":"wp","href":"https:\/\/api.w.org\/{rel}","templated":true}]}}