

{"id":47878,"date":"2023-04-06T16:02:11","date_gmt":"2023-04-06T20:02:11","guid":{"rendered":"https:\/\/www.cne.cl\/?page_id=47878"},"modified":"2023-06-05T09:39:05","modified_gmt":"2023-06-05T13:39:05","slug":"plan-de-expansion-2023-cne-extiende-plazo-para-presentacion-de-propuestas","status":"publish","type":"page","link":"https:\/\/www.cne.cl\/en\/prensa\/prensa-2023\/04-abril-2023\/plan-de-expansion-2023-cne-extiende-plazo-para-presentacion-de-propuestas\/","title":{"rendered":"(Espa\u00f1ol) Plan de expansi\u00f3n 2023: CNE Extiende plazo para presentaci\u00f3n de propuestas"},"content":{"rendered":"<p class=\"qtranxs-available-languages-message qtranxs-available-languages-message-en\">Sorry, this entry is only available in <a href=\"https:\/\/www.cne.cl\/es\/wp-json\/wp\/v2\/pages\/47878\" class=\"qtranxs-available-language-link qtranxs-available-language-link-es\" title=\"Espa\u00f1ol\">European Spanish<\/a>.<\/p>","protected":false},"excerpt":{"rendered":"<p>Sorry, this entry is only available in European Spanish.<\/p>\n","protected":false},"author":3,"featured_media":0,"parent":47838,"menu_order":0,"comment_status":"closed","ping_status":"closed","template":"entrada-prensa.php","meta":[],"_links":{"self":[{"href":"https:\/\/www.cne.cl\/en\/wp-json\/wp\/v2\/pages\/47878"}],"collection":[{"href":"https:\/\/www.cne.cl\/en\/wp-json\/wp\/v2\/pages"}],"about":[{"href":"https:\/\/www.cne.cl\/en\/wp-json\/wp\/v2\/types\/page"}],"author":[{"embeddable":true,"href":"https:\/\/www.cne.cl\/en\/wp-json\/wp\/v2\/users\/3"}],"replies":[{"embeddable":true,"href":"https:\/\/www.cne.cl\/en\/wp-json\/wp\/v2\/comments?post=47878"}],"version-history":[{"count":3,"href":"https:\/\/www.cne.cl\/en\/wp-json\/wp\/v2\/pages\/47878\/revisions"}],"predecessor-version":[{"id":48705,"href":"https:\/\/www.cne.cl\/en\/wp-json\/wp\/v2\/pages\/47878\/revisions\/48705"}],"up":[{"embeddable":true,"href":"https:\/\/www.cne.cl\/en\/wp-json\/wp\/v2\/pages\/47838"}],"wp:attachment":[{"href":"https:\/\/www.cne.cl\/en\/wp-json\/wp\/v2\/media?parent=47878"}],"curies":[{"name":"wp","href":"https:\/\/api.w.org\/{rel}","templated":true}]}}