

{"id":47840,"date":"2023-04-03T20:52:08","date_gmt":"2023-04-04T00:52:08","guid":{"rendered":"https:\/\/www.cne.cl\/?page_id=47840"},"modified":"2023-06-05T09:38:09","modified_gmt":"2023-06-05T13:38:09","slug":"cne-abre-consulta-publica-de-la-modificacion-normativa-de-la-norma-tecnica-de-conexion-y-operacion-de-pmgd-en-instalaciones-de-media-tension","status":"publish","type":"page","link":"https:\/\/www.cne.cl\/en\/prensa\/prensa-2023\/04-abril-2023\/cne-abre-consulta-publica-de-la-modificacion-normativa-de-la-norma-tecnica-de-conexion-y-operacion-de-pmgd-en-instalaciones-de-media-tension\/","title":{"rendered":"(Espa\u00f1ol) CNE abre Consulta P\u00fablica de la modificaci\u00f3n normativa de la Norma T\u00e9cnica de Conexi\u00f3n y Operaci\u00f3n de PMGD en instalaciones de Media Tensi\u00f3n"},"content":{"rendered":"<p class=\"qtranxs-available-languages-message qtranxs-available-languages-message-en\">Sorry, this entry is only available in <a href=\"https:\/\/www.cne.cl\/es\/wp-json\/wp\/v2\/pages\/47840\" class=\"qtranxs-available-language-link qtranxs-available-language-link-es\" title=\"Espa\u00f1ol\">European Spanish<\/a>.<\/p>","protected":false},"excerpt":{"rendered":"<p>Sorry, this entry is only available in European Spanish.<\/p>\n","protected":false},"author":3,"featured_media":0,"parent":47838,"menu_order":1,"comment_status":"closed","ping_status":"closed","template":"entrada-prensa.php","meta":[],"_links":{"self":[{"href":"https:\/\/www.cne.cl\/en\/wp-json\/wp\/v2\/pages\/47840"}],"collection":[{"href":"https:\/\/www.cne.cl\/en\/wp-json\/wp\/v2\/pages"}],"about":[{"href":"https:\/\/www.cne.cl\/en\/wp-json\/wp\/v2\/types\/page"}],"author":[{"embeddable":true,"href":"https:\/\/www.cne.cl\/en\/wp-json\/wp\/v2\/users\/3"}],"replies":[{"embeddable":true,"href":"https:\/\/www.cne.cl\/en\/wp-json\/wp\/v2\/comments?post=47840"}],"version-history":[{"count":3,"href":"https:\/\/www.cne.cl\/en\/wp-json\/wp\/v2\/pages\/47840\/revisions"}],"predecessor-version":[{"id":48704,"href":"https:\/\/www.cne.cl\/en\/wp-json\/wp\/v2\/pages\/47840\/revisions\/48704"}],"up":[{"embeddable":true,"href":"https:\/\/www.cne.cl\/en\/wp-json\/wp\/v2\/pages\/47838"}],"wp:attachment":[{"href":"https:\/\/www.cne.cl\/en\/wp-json\/wp\/v2\/media?parent=47840"}],"curies":[{"name":"wp","href":"https:\/\/api.w.org\/{rel}","templated":true}]}}