

{"id":47123,"date":"2023-02-03T15:16:28","date_gmt":"2023-02-03T18:16:28","guid":{"rendered":"https:\/\/www.cne.cl\/?page_id=47123"},"modified":"2023-05-16T13:39:48","modified_gmt":"2023-05-16T17:39:48","slug":"cne-realiza-convocatoria-para-la-presentacion-de-propuestas-de-proyectos-de-expansion-de-la-transmision-2023","status":"publish","type":"page","link":"https:\/\/www.cne.cl\/en\/prensa\/prensa-2023\/frebrero-2023\/cne-realiza-convocatoria-para-la-presentacion-de-propuestas-de-proyectos-de-expansion-de-la-transmision-2023\/","title":{"rendered":"(Espa\u00f1ol) CNE realiza convocatoria para la presentaci\u00f3n de propuestas de proyectos de expansi\u00f3n de la transmisi\u00f3n 2023"},"content":{"rendered":"<p class=\"qtranxs-available-languages-message qtranxs-available-languages-message-en\">Sorry, this entry is only available in <a href=\"https:\/\/www.cne.cl\/es\/wp-json\/wp\/v2\/pages\/47123\" class=\"qtranxs-available-language-link qtranxs-available-language-link-es\" title=\"Espa\u00f1ol\">European Spanish<\/a>.<\/p>","protected":false},"excerpt":{"rendered":"<p>Sorry, this entry is only available in European Spanish.<\/p>\n","protected":false},"author":3,"featured_media":47124,"parent":47126,"menu_order":0,"comment_status":"closed","ping_status":"closed","template":"entrada-prensa.php","meta":[],"_links":{"self":[{"href":"https:\/\/www.cne.cl\/en\/wp-json\/wp\/v2\/pages\/47123"}],"collection":[{"href":"https:\/\/www.cne.cl\/en\/wp-json\/wp\/v2\/pages"}],"about":[{"href":"https:\/\/www.cne.cl\/en\/wp-json\/wp\/v2\/types\/page"}],"author":[{"embeddable":true,"href":"https:\/\/www.cne.cl\/en\/wp-json\/wp\/v2\/users\/3"}],"replies":[{"embeddable":true,"href":"https:\/\/www.cne.cl\/en\/wp-json\/wp\/v2\/comments?post=47123"}],"version-history":[{"count":5,"href":"https:\/\/www.cne.cl\/en\/wp-json\/wp\/v2\/pages\/47123\/revisions"}],"predecessor-version":[{"id":48296,"href":"https:\/\/www.cne.cl\/en\/wp-json\/wp\/v2\/pages\/47123\/revisions\/48296"}],"up":[{"embeddable":true,"href":"https:\/\/www.cne.cl\/en\/wp-json\/wp\/v2\/pages\/47126"}],"wp:featuredmedia":[{"embeddable":true,"href":"https:\/\/www.cne.cl\/en\/wp-json\/wp\/v2\/media\/47124"}],"wp:attachment":[{"href":"https:\/\/www.cne.cl\/en\/wp-json\/wp\/v2\/media?parent=47123"}],"curies":[{"name":"wp","href":"https:\/\/api.w.org\/{rel}","templated":true}]}}