

{"id":46907,"date":"2023-01-11T11:10:17","date_gmt":"2023-01-11T14:10:17","guid":{"rendered":"https:\/\/www.cne.cl\/participar\/electricidad\/proceso-de-planificacion-anual-de-la-transmision-ano-2022\/"},"modified":"2023-01-11T11:11:09","modified_gmt":"2023-01-11T14:11:09","slug":"proceso-de-planificacion-anual-de-la-transmision-ano-2022","status":"publish","type":"page","link":"https:\/\/www.cne.cl\/en\/participar\/electricidad\/proceso-de-planificacion-anual-de-la-transmision-ano-2022\/","title":{"rendered":"Proceso de Planificaci\u00f3n Anual de la Transmisi\u00f3n, a\u00f1o 2022"},"content":{"rendered":"<p class=\"qtranxs-available-languages-message qtranxs-available-languages-message-en\">Sorry, this entry is only available in <a href=\"https:\/\/www.cne.cl\/es\/wp-json\/wp\/v2\/pages\/46907\" class=\"qtranxs-available-language-link qtranxs-available-language-link-es\" title=\"Espa\u00f1ol\">European Spanish<\/a>.<\/p>","protected":false},"excerpt":{"rendered":"<p>Sorry, this entry is only available in European Spanish.<\/p>\n","protected":false},"author":3,"featured_media":0,"parent":18713,"menu_order":2,"comment_status":"closed","ping_status":"closed","template":"","meta":[],"_links":{"self":[{"href":"https:\/\/www.cne.cl\/en\/wp-json\/wp\/v2\/pages\/46907"}],"collection":[{"href":"https:\/\/www.cne.cl\/en\/wp-json\/wp\/v2\/pages"}],"about":[{"href":"https:\/\/www.cne.cl\/en\/wp-json\/wp\/v2\/types\/page"}],"author":[{"embeddable":true,"href":"https:\/\/www.cne.cl\/en\/wp-json\/wp\/v2\/users\/3"}],"replies":[{"embeddable":true,"href":"https:\/\/www.cne.cl\/en\/wp-json\/wp\/v2\/comments?post=46907"}],"version-history":[{"count":2,"href":"https:\/\/www.cne.cl\/en\/wp-json\/wp\/v2\/pages\/46907\/revisions"}],"predecessor-version":[{"id":46914,"href":"https:\/\/www.cne.cl\/en\/wp-json\/wp\/v2\/pages\/46907\/revisions\/46914"}],"up":[{"embeddable":true,"href":"https:\/\/www.cne.cl\/en\/wp-json\/wp\/v2\/pages\/18713"}],"wp:attachment":[{"href":"https:\/\/www.cne.cl\/en\/wp-json\/wp\/v2\/media?parent=46907"}],"curies":[{"name":"wp","href":"https:\/\/api.w.org\/{rel}","templated":true}]}}