

{"id":46562,"date":"2022-12-01T16:43:01","date_gmt":"2022-12-01T19:43:01","guid":{"rendered":"https:\/\/www.cne.cl\/?page_id=46562"},"modified":"2023-04-03T20:47:03","modified_gmt":"2023-04-04T00:47:03","slug":"cne-presento-propuestas-preliminares-tras-finalizacion-de-mesa-de-dialogo-publico-privada-del-mercado-de-corto-plazo","status":"publish","type":"page","link":"https:\/\/www.cne.cl\/en\/prensa\/prensa-2022\/12-diciembre-2022\/cne-presento-propuestas-preliminares-tras-finalizacion-de-mesa-de-dialogo-publico-privada-del-mercado-de-corto-plazo\/","title":{"rendered":"(Espa\u00f1ol) CNE present\u00f3 propuestas preliminares tras finalizaci\u00f3n de Mesa de Di\u00e1logo P\u00fablico Privada del Mercado de Corto Plazo"},"content":{"rendered":"<p class=\"qtranxs-available-languages-message qtranxs-available-languages-message-en\">Sorry, this entry is only available in <a href=\"https:\/\/www.cne.cl\/es\/wp-json\/wp\/v2\/pages\/46562\" class=\"qtranxs-available-language-link qtranxs-available-language-link-es\" title=\"Espa\u00f1ol\">European Spanish<\/a>.<\/p>","protected":false},"excerpt":{"rendered":"<p>Sorry, this entry is only available in European Spanish.<\/p>\n","protected":false},"author":3,"featured_media":46563,"parent":46554,"menu_order":1,"comment_status":"closed","ping_status":"closed","template":"entrada-prensa.php","meta":[],"_links":{"self":[{"href":"https:\/\/www.cne.cl\/en\/wp-json\/wp\/v2\/pages\/46562"}],"collection":[{"href":"https:\/\/www.cne.cl\/en\/wp-json\/wp\/v2\/pages"}],"about":[{"href":"https:\/\/www.cne.cl\/en\/wp-json\/wp\/v2\/types\/page"}],"author":[{"embeddable":true,"href":"https:\/\/www.cne.cl\/en\/wp-json\/wp\/v2\/users\/3"}],"replies":[{"embeddable":true,"href":"https:\/\/www.cne.cl\/en\/wp-json\/wp\/v2\/comments?post=46562"}],"version-history":[{"count":3,"href":"https:\/\/www.cne.cl\/en\/wp-json\/wp\/v2\/pages\/46562\/revisions"}],"predecessor-version":[{"id":47835,"href":"https:\/\/www.cne.cl\/en\/wp-json\/wp\/v2\/pages\/46562\/revisions\/47835"}],"up":[{"embeddable":true,"href":"https:\/\/www.cne.cl\/en\/wp-json\/wp\/v2\/pages\/46554"}],"wp:featuredmedia":[{"embeddable":true,"href":"https:\/\/www.cne.cl\/en\/wp-json\/wp\/v2\/media\/46563"}],"wp:attachment":[{"href":"https:\/\/www.cne.cl\/en\/wp-json\/wp\/v2\/media?parent=46562"}],"curies":[{"name":"wp","href":"https:\/\/api.w.org\/{rel}","templated":true}]}}