

{"id":46407,"date":"2022-11-17T19:01:15","date_gmt":"2022-11-17T22:01:15","guid":{"rendered":"https:\/\/www.cne.cl\/?page_id=46407"},"modified":"2023-04-03T20:47:27","modified_gmt":"2023-04-04T00:47:27","slug":"comision-nacional-de-energia-informa-resultados-del-proceso-de-chequeo-de-rentabilidad-de-las-concesionarias-de-distribucion-de-gas-de-red-del-ano-2021","status":"publish","type":"page","link":"https:\/\/www.cne.cl\/en\/prensa\/prensa-2022\/02-noviembre-2022\/comision-nacional-de-energia-informa-resultados-del-proceso-de-chequeo-de-rentabilidad-de-las-concesionarias-de-distribucion-de-gas-de-red-del-ano-2021\/","title":{"rendered":"(Espa\u00f1ol) Comisi\u00f3n Nacional de Energ\u00eda informa resultados del proceso de Chequeo de Rentabilidad de las concesionarias de distribuci\u00f3n de gas de red del a\u00f1o 2021"},"content":{"rendered":"<p class=\"qtranxs-available-languages-message qtranxs-available-languages-message-en\">Sorry, this entry is only available in <a href=\"https:\/\/www.cne.cl\/es\/wp-json\/wp\/v2\/pages\/46407\" class=\"qtranxs-available-language-link qtranxs-available-language-link-es\" title=\"Espa\u00f1ol\">European Spanish<\/a>.<\/p>","protected":false},"excerpt":{"rendered":"<p>Sorry, this entry is only available in European Spanish.<\/p>\n","protected":false},"author":3,"featured_media":46429,"parent":46200,"menu_order":2,"comment_status":"closed","ping_status":"closed","template":"entrada-prensa.php","meta":[],"_links":{"self":[{"href":"https:\/\/www.cne.cl\/en\/wp-json\/wp\/v2\/pages\/46407"}],"collection":[{"href":"https:\/\/www.cne.cl\/en\/wp-json\/wp\/v2\/pages"}],"about":[{"href":"https:\/\/www.cne.cl\/en\/wp-json\/wp\/v2\/types\/page"}],"author":[{"embeddable":true,"href":"https:\/\/www.cne.cl\/en\/wp-json\/wp\/v2\/users\/3"}],"replies":[{"embeddable":true,"href":"https:\/\/www.cne.cl\/en\/wp-json\/wp\/v2\/comments?post=46407"}],"version-history":[{"count":8,"href":"https:\/\/www.cne.cl\/en\/wp-json\/wp\/v2\/pages\/46407\/revisions"}],"predecessor-version":[{"id":47836,"href":"https:\/\/www.cne.cl\/en\/wp-json\/wp\/v2\/pages\/46407\/revisions\/47836"}],"up":[{"embeddable":true,"href":"https:\/\/www.cne.cl\/en\/wp-json\/wp\/v2\/pages\/46200"}],"wp:featuredmedia":[{"embeddable":true,"href":"https:\/\/www.cne.cl\/en\/wp-json\/wp\/v2\/media\/46429"}],"wp:attachment":[{"href":"https:\/\/www.cne.cl\/en\/wp-json\/wp\/v2\/media?parent=46407"}],"curies":[{"name":"wp","href":"https:\/\/api.w.org\/{rel}","templated":true}]}}