

{"id":46366,"date":"2022-11-16T11:47:29","date_gmt":"2022-11-16T14:47:29","guid":{"rendered":"https:\/\/www.cne.cl\/?page_id=46366"},"modified":"2023-03-21T10:03:17","modified_gmt":"2023-03-21T13:03:17","slug":"cne-creo-nuevo-departamento-de-informacion-innovacion-energetica-y-relaciones-institucionales","status":"publish","type":"page","link":"https:\/\/www.cne.cl\/en\/prensa\/prensa-2022\/02-noviembre-2022\/cne-creo-nuevo-departamento-de-informacion-innovacion-energetica-y-relaciones-institucionales\/","title":{"rendered":"CNE cre\u00f3 nuevo Departamento de Informaci\u00f3n, Innovaci\u00f3n Energ\u00e9tica y Relaciones Institucionales"},"content":{"rendered":"<p class=\"qtranxs-available-languages-message qtranxs-available-languages-message-en\">Sorry, this entry is only available in <a href=\"https:\/\/www.cne.cl\/es\/wp-json\/wp\/v2\/pages\/46366\" class=\"qtranxs-available-language-link qtranxs-available-language-link-es\" title=\"Espa\u00f1ol\">European Spanish<\/a>.<\/p>","protected":false},"excerpt":{"rendered":"<p>Sorry, this entry is only available in European Spanish.<\/p>\n","protected":false},"author":3,"featured_media":0,"parent":46200,"menu_order":6,"comment_status":"closed","ping_status":"closed","template":"entrada-prensa.php","meta":[],"_links":{"self":[{"href":"https:\/\/www.cne.cl\/en\/wp-json\/wp\/v2\/pages\/46366"}],"collection":[{"href":"https:\/\/www.cne.cl\/en\/wp-json\/wp\/v2\/pages"}],"about":[{"href":"https:\/\/www.cne.cl\/en\/wp-json\/wp\/v2\/types\/page"}],"author":[{"embeddable":true,"href":"https:\/\/www.cne.cl\/en\/wp-json\/wp\/v2\/users\/3"}],"replies":[{"embeddable":true,"href":"https:\/\/www.cne.cl\/en\/wp-json\/wp\/v2\/comments?post=46366"}],"version-history":[{"count":4,"href":"https:\/\/www.cne.cl\/en\/wp-json\/wp\/v2\/pages\/46366\/revisions"}],"predecessor-version":[{"id":47533,"href":"https:\/\/www.cne.cl\/en\/wp-json\/wp\/v2\/pages\/46366\/revisions\/47533"}],"up":[{"embeddable":true,"href":"https:\/\/www.cne.cl\/en\/wp-json\/wp\/v2\/pages\/46200"}],"wp:attachment":[{"href":"https:\/\/www.cne.cl\/en\/wp-json\/wp\/v2\/media?parent=46366"}],"curies":[{"name":"wp","href":"https:\/\/api.w.org\/{rel}","templated":true}]}}