

{"id":46351,"date":"2022-11-15T15:29:54","date_gmt":"2022-11-15T18:29:54","guid":{"rendered":"https:\/\/www.cne.cl\/?page_id=46351"},"modified":"2023-02-07T09:34:20","modified_gmt":"2023-02-07T12:34:20","slug":"cne-extiende-plazo-de-consulta-publica-del-capitulo-sobre-declaracion-de-costos-variables-de-la-norma-tecnica-de-coordinacion-y-operacion","status":"publish","type":"page","link":"https:\/\/www.cne.cl\/en\/prensa\/prensa-2022\/02-noviembre-2022\/cne-extiende-plazo-de-consulta-publica-del-capitulo-sobre-declaracion-de-costos-variables-de-la-norma-tecnica-de-coordinacion-y-operacion\/","title":{"rendered":"(Espa\u00f1ol) CNE extiende plazo de Consulta P\u00fablica del cap\u00edtulo sobre Declaraci\u00f3n de Costos Variables de la norma t\u00e9cnica de Coordinaci\u00f3n y Operaci\u00f3n"},"content":{"rendered":"<p class=\"qtranxs-available-languages-message qtranxs-available-languages-message-en\">Sorry, this entry is only available in <a href=\"https:\/\/www.cne.cl\/es\/wp-json\/wp\/v2\/pages\/46351\" class=\"qtranxs-available-language-link qtranxs-available-language-link-es\" title=\"Espa\u00f1ol\">European Spanish<\/a>.<\/p>","protected":false},"excerpt":{"rendered":"<p>Sorry, this entry is only available in European Spanish.<\/p>\n","protected":false},"author":3,"featured_media":0,"parent":46200,"menu_order":1,"comment_status":"closed","ping_status":"closed","template":"entrada-prensa.php","meta":[],"_links":{"self":[{"href":"https:\/\/www.cne.cl\/en\/wp-json\/wp\/v2\/pages\/46351"}],"collection":[{"href":"https:\/\/www.cne.cl\/en\/wp-json\/wp\/v2\/pages"}],"about":[{"href":"https:\/\/www.cne.cl\/en\/wp-json\/wp\/v2\/types\/page"}],"author":[{"embeddable":true,"href":"https:\/\/www.cne.cl\/en\/wp-json\/wp\/v2\/users\/3"}],"replies":[{"embeddable":true,"href":"https:\/\/www.cne.cl\/en\/wp-json\/wp\/v2\/comments?post=46351"}],"version-history":[{"count":4,"href":"https:\/\/www.cne.cl\/en\/wp-json\/wp\/v2\/pages\/46351\/revisions"}],"predecessor-version":[{"id":47170,"href":"https:\/\/www.cne.cl\/en\/wp-json\/wp\/v2\/pages\/46351\/revisions\/47170"}],"up":[{"embeddable":true,"href":"https:\/\/www.cne.cl\/en\/wp-json\/wp\/v2\/pages\/46200"}],"wp:attachment":[{"href":"https:\/\/www.cne.cl\/en\/wp-json\/wp\/v2\/media?parent=46351"}],"curies":[{"name":"wp","href":"https:\/\/api.w.org\/{rel}","templated":true}]}}