

{"id":46063,"date":"2022-10-19T17:50:53","date_gmt":"2022-10-19T20:50:53","guid":{"rendered":"https:\/\/www.cne.cl\/prensa\/prensa-2022\/10-octubre-2022\/cne-obtiene-importante-logro-en-declaracion-en-construccion-de-362-proyectos-electricos\/"},"modified":"2023-03-21T10:02:04","modified_gmt":"2023-03-21T13:02:04","slug":"cne-obtiene-importante-logro-en-declaracion-en-construccion-de-362-proyectos-electricos","status":"publish","type":"page","link":"https:\/\/www.cne.cl\/en\/prensa\/prensa-2022\/10-octubre-2022\/cne-obtiene-importante-logro-en-declaracion-en-construccion-de-362-proyectos-electricos\/","title":{"rendered":"CNE obtiene importante logro en declaraci\u00f3n en construcci\u00f3n de 362 proyectos el\u00e9ctricos"},"content":{"rendered":"<p class=\"qtranxs-available-languages-message qtranxs-available-languages-message-en\">Sorry, this entry is only available in <a href=\"https:\/\/www.cne.cl\/es\/wp-json\/wp\/v2\/pages\/46063\" class=\"qtranxs-available-language-link qtranxs-available-language-link-es\" title=\"Espa\u00f1ol\">European Spanish<\/a>.<\/p>","protected":false},"excerpt":{"rendered":"<p>Sorry, this entry is only available in European Spanish.<\/p>\n","protected":false},"author":3,"featured_media":0,"parent":45922,"menu_order":5,"comment_status":"closed","ping_status":"closed","template":"entrada-prensa.php","meta":[],"_links":{"self":[{"href":"https:\/\/www.cne.cl\/en\/wp-json\/wp\/v2\/pages\/46063"}],"collection":[{"href":"https:\/\/www.cne.cl\/en\/wp-json\/wp\/v2\/pages"}],"about":[{"href":"https:\/\/www.cne.cl\/en\/wp-json\/wp\/v2\/types\/page"}],"author":[{"embeddable":true,"href":"https:\/\/www.cne.cl\/en\/wp-json\/wp\/v2\/users\/3"}],"replies":[{"embeddable":true,"href":"https:\/\/www.cne.cl\/en\/wp-json\/wp\/v2\/comments?post=46063"}],"version-history":[{"count":4,"href":"https:\/\/www.cne.cl\/en\/wp-json\/wp\/v2\/pages\/46063\/revisions"}],"predecessor-version":[{"id":47526,"href":"https:\/\/www.cne.cl\/en\/wp-json\/wp\/v2\/pages\/46063\/revisions\/47526"}],"up":[{"embeddable":true,"href":"https:\/\/www.cne.cl\/en\/wp-json\/wp\/v2\/pages\/45922"}],"wp:attachment":[{"href":"https:\/\/www.cne.cl\/en\/wp-json\/wp\/v2\/media?parent=46063"}],"curies":[{"name":"wp","href":"https:\/\/api.w.org\/{rel}","templated":true}]}}