

{"id":46043,"date":"2022-10-17T17:53:07","date_gmt":"2022-10-17T20:53:07","guid":{"rendered":"https:\/\/www.cne.cl\/?page_id=46043"},"modified":"2023-03-21T10:01:24","modified_gmt":"2023-03-21T13:01:24","slug":"cne-inicia-trabajo-de-diagnostico-de-genero-para-avanzar-en-igualdad","status":"publish","type":"page","link":"https:\/\/www.cne.cl\/en\/prensa\/prensa-2022\/10-octubre-2022\/cne-inicia-trabajo-de-diagnostico-de-genero-para-avanzar-en-igualdad\/","title":{"rendered":"(Espa\u00f1ol) CNE inicia trabajo de diagn\u00f3stico de g\u00e9nero para avanzar en igualdad"},"content":{"rendered":"<p class=\"qtranxs-available-languages-message qtranxs-available-languages-message-en\">Sorry, this entry is only available in <a href=\"https:\/\/www.cne.cl\/es\/wp-json\/wp\/v2\/pages\/46043\" class=\"qtranxs-available-language-link qtranxs-available-language-link-es\" title=\"Espa\u00f1ol\">European Spanish<\/a>.<\/p>","protected":false},"excerpt":{"rendered":"<p>Sorry, this entry is only available in European Spanish.<\/p>\n","protected":false},"author":3,"featured_media":0,"parent":45922,"menu_order":4,"comment_status":"closed","ping_status":"closed","template":"entrada-prensa.php","meta":[],"_links":{"self":[{"href":"https:\/\/www.cne.cl\/en\/wp-json\/wp\/v2\/pages\/46043"}],"collection":[{"href":"https:\/\/www.cne.cl\/en\/wp-json\/wp\/v2\/pages"}],"about":[{"href":"https:\/\/www.cne.cl\/en\/wp-json\/wp\/v2\/types\/page"}],"author":[{"embeddable":true,"href":"https:\/\/www.cne.cl\/en\/wp-json\/wp\/v2\/users\/3"}],"replies":[{"embeddable":true,"href":"https:\/\/www.cne.cl\/en\/wp-json\/wp\/v2\/comments?post=46043"}],"version-history":[{"count":3,"href":"https:\/\/www.cne.cl\/en\/wp-json\/wp\/v2\/pages\/46043\/revisions"}],"predecessor-version":[{"id":47524,"href":"https:\/\/www.cne.cl\/en\/wp-json\/wp\/v2\/pages\/46043\/revisions\/47524"}],"up":[{"embeddable":true,"href":"https:\/\/www.cne.cl\/en\/wp-json\/wp\/v2\/pages\/45922"}],"wp:attachment":[{"href":"https:\/\/www.cne.cl\/en\/wp-json\/wp\/v2\/media?parent=46043"}],"curies":[{"name":"wp","href":"https:\/\/api.w.org\/{rel}","templated":true}]}}