

{"id":45993,"date":"2022-10-14T12:51:59","date_gmt":"2022-10-14T15:51:59","guid":{"rendered":"https:\/\/www.cne.cl\/?page_id=45993"},"modified":"2023-02-07T09:31:30","modified_gmt":"2023-02-07T12:31:30","slug":"cne-mostro-los-principales-contenidos-del-capitulo-de-declaracion-de-costos-variables-de-la-ntcyo","status":"publish","type":"page","link":"https:\/\/www.cne.cl\/en\/prensa\/prensa-2022\/10-octubre-2022\/cne-mostro-los-principales-contenidos-del-capitulo-de-declaracion-de-costos-variables-de-la-ntcyo\/","title":{"rendered":"(Espa\u00f1ol) CNE mostr\u00f3 los principales contenidos del cap\u00edtulo de declaraci\u00f3n de Costos Variables de la NTCyO"},"content":{"rendered":"<p class=\"qtranxs-available-languages-message qtranxs-available-languages-message-en\">Sorry, this entry is only available in <a href=\"https:\/\/www.cne.cl\/es\/wp-json\/wp\/v2\/pages\/45993\" class=\"qtranxs-available-language-link qtranxs-available-language-link-es\" title=\"Espa\u00f1ol\">European Spanish<\/a>.<\/p>","protected":false},"excerpt":{"rendered":"<p>Sorry, this entry is only available in European Spanish.<\/p>\n","protected":false},"author":3,"featured_media":46010,"parent":45922,"menu_order":2,"comment_status":"closed","ping_status":"closed","template":"entrada-prensa.php","meta":[],"_links":{"self":[{"href":"https:\/\/www.cne.cl\/en\/wp-json\/wp\/v2\/pages\/45993"}],"collection":[{"href":"https:\/\/www.cne.cl\/en\/wp-json\/wp\/v2\/pages"}],"about":[{"href":"https:\/\/www.cne.cl\/en\/wp-json\/wp\/v2\/types\/page"}],"author":[{"embeddable":true,"href":"https:\/\/www.cne.cl\/en\/wp-json\/wp\/v2\/users\/3"}],"replies":[{"embeddable":true,"href":"https:\/\/www.cne.cl\/en\/wp-json\/wp\/v2\/comments?post=45993"}],"version-history":[{"count":6,"href":"https:\/\/www.cne.cl\/en\/wp-json\/wp\/v2\/pages\/45993\/revisions"}],"predecessor-version":[{"id":47159,"href":"https:\/\/www.cne.cl\/en\/wp-json\/wp\/v2\/pages\/45993\/revisions\/47159"}],"up":[{"embeddable":true,"href":"https:\/\/www.cne.cl\/en\/wp-json\/wp\/v2\/pages\/45922"}],"wp:featuredmedia":[{"embeddable":true,"href":"https:\/\/www.cne.cl\/en\/wp-json\/wp\/v2\/media\/46010"}],"wp:attachment":[{"href":"https:\/\/www.cne.cl\/en\/wp-json\/wp\/v2\/media?parent=45993"}],"curies":[{"name":"wp","href":"https:\/\/api.w.org\/{rel}","templated":true}]}}