

{"id":45958,"date":"2022-10-11T16:32:57","date_gmt":"2022-10-11T19:32:57","guid":{"rendered":"https:\/\/www.cne.cl\/?page_id=45958"},"modified":"2023-03-21T10:00:30","modified_gmt":"2023-03-21T13:00:30","slug":"presidente-de-la-republica-ratifica-a-secretario-ejecutivo-de-la-comision-nacional-de-energia","status":"publish","type":"page","link":"https:\/\/www.cne.cl\/en\/prensa\/prensa-2022\/10-octubre-2022\/presidente-de-la-republica-ratifica-a-secretario-ejecutivo-de-la-comision-nacional-de-energia\/","title":{"rendered":"(Espa\u00f1ol) Presidente de la Rep\u00fablica ratifica a Secretario Ejecutivo de la Comisi\u00f3n Nacional de Energ\u00eda"},"content":{"rendered":"<p class=\"qtranxs-available-languages-message qtranxs-available-languages-message-en\">Sorry, this entry is only available in <a href=\"https:\/\/www.cne.cl\/es\/wp-json\/wp\/v2\/pages\/45958\" class=\"qtranxs-available-language-link qtranxs-available-language-link-es\" title=\"Espa\u00f1ol\">European Spanish<\/a>.<\/p>","protected":false},"excerpt":{"rendered":"<p>Sorry, this entry is only available in European Spanish.<\/p>\n","protected":false},"author":3,"featured_media":45959,"parent":45922,"menu_order":1,"comment_status":"closed","ping_status":"closed","template":"entrada-prensa.php","meta":[],"_links":{"self":[{"href":"https:\/\/www.cne.cl\/en\/wp-json\/wp\/v2\/pages\/45958"}],"collection":[{"href":"https:\/\/www.cne.cl\/en\/wp-json\/wp\/v2\/pages"}],"about":[{"href":"https:\/\/www.cne.cl\/en\/wp-json\/wp\/v2\/types\/page"}],"author":[{"embeddable":true,"href":"https:\/\/www.cne.cl\/en\/wp-json\/wp\/v2\/users\/3"}],"replies":[{"embeddable":true,"href":"https:\/\/www.cne.cl\/en\/wp-json\/wp\/v2\/comments?post=45958"}],"version-history":[{"count":5,"href":"https:\/\/www.cne.cl\/en\/wp-json\/wp\/v2\/pages\/45958\/revisions"}],"predecessor-version":[{"id":47518,"href":"https:\/\/www.cne.cl\/en\/wp-json\/wp\/v2\/pages\/45958\/revisions\/47518"}],"up":[{"embeddable":true,"href":"https:\/\/www.cne.cl\/en\/wp-json\/wp\/v2\/pages\/45922"}],"wp:featuredmedia":[{"embeddable":true,"href":"https:\/\/www.cne.cl\/en\/wp-json\/wp\/v2\/media\/45959"}],"wp:attachment":[{"href":"https:\/\/www.cne.cl\/en\/wp-json\/wp\/v2\/media?parent=45958"}],"curies":[{"name":"wp","href":"https:\/\/api.w.org\/{rel}","templated":true}]}}