

{"id":45901,"date":"2022-09-29T17:24:42","date_gmt":"2022-09-29T20:24:42","guid":{"rendered":"https:\/\/www.cne.cl\/?page_id=45901"},"modified":"2022-11-02T14:53:25","modified_gmt":"2022-11-02T17:53:25","slug":"todo-listo-para-la-cuarta-version-de-la-feria-laboral-energia-mujer","status":"publish","type":"page","link":"https:\/\/www.cne.cl\/en\/prensa\/prensa-2022\/09-septiembre-2022\/todo-listo-para-la-cuarta-version-de-la-feria-laboral-energia-mujer\/","title":{"rendered":"(Espa\u00f1ol) Todo listo para la Cuarta versi\u00f3n de la Feria Laboral Energ\u00eda + Mujer"},"content":{"rendered":"<p class=\"qtranxs-available-languages-message qtranxs-available-languages-message-en\">Sorry, this entry is only available in <a href=\"https:\/\/www.cne.cl\/es\/wp-json\/wp\/v2\/pages\/45901\" class=\"qtranxs-available-language-link qtranxs-available-language-link-es\" title=\"Espa\u00f1ol\">European Spanish<\/a>.<\/p>","protected":false},"excerpt":{"rendered":"<p>Sorry, this entry is only available in European Spanish.<\/p>\n","protected":false},"author":3,"featured_media":0,"parent":45592,"menu_order":4,"comment_status":"closed","ping_status":"closed","template":"entrada-prensa.php","meta":[],"_links":{"self":[{"href":"https:\/\/www.cne.cl\/en\/wp-json\/wp\/v2\/pages\/45901"}],"collection":[{"href":"https:\/\/www.cne.cl\/en\/wp-json\/wp\/v2\/pages"}],"about":[{"href":"https:\/\/www.cne.cl\/en\/wp-json\/wp\/v2\/types\/page"}],"author":[{"embeddable":true,"href":"https:\/\/www.cne.cl\/en\/wp-json\/wp\/v2\/users\/3"}],"replies":[{"embeddable":true,"href":"https:\/\/www.cne.cl\/en\/wp-json\/wp\/v2\/comments?post=45901"}],"version-history":[{"count":4,"href":"https:\/\/www.cne.cl\/en\/wp-json\/wp\/v2\/pages\/45901\/revisions"}],"predecessor-version":[{"id":46211,"href":"https:\/\/www.cne.cl\/en\/wp-json\/wp\/v2\/pages\/45901\/revisions\/46211"}],"up":[{"embeddable":true,"href":"https:\/\/www.cne.cl\/en\/wp-json\/wp\/v2\/pages\/45592"}],"wp:attachment":[{"href":"https:\/\/www.cne.cl\/en\/wp-json\/wp\/v2\/media?parent=45901"}],"curies":[{"name":"wp","href":"https:\/\/api.w.org\/{rel}","templated":true}]}}