

{"id":45743,"date":"2022-09-09T20:24:01","date_gmt":"2022-09-09T23:24:01","guid":{"rendered":"https:\/\/www.cne.cl\/?page_id=45743"},"modified":"2022-11-15T11:30:30","modified_gmt":"2022-11-15T14:30:30","slug":"cne-inicia-consulta-publica-del-borrador-de-resolucion-exenta-que-establece-disposiciones-tecnicas-para-implementacion-de-la-ley-21-472","status":"publish","type":"page","link":"https:\/\/www.cne.cl\/en\/prensa\/prensa-2022\/09-septiembre-2022\/cne-inicia-consulta-publica-del-borrador-de-resolucion-exenta-que-establece-disposiciones-tecnicas-para-implementacion-de-la-ley-21-472\/","title":{"rendered":"(Espa\u00f1ol) CNE extendi\u00f3 el plazo para observaciones al borrador de Resoluci\u00f3n Exenta que establece disposiciones t\u00e9cnicas para la implementaci\u00f3n de la Ley N\u00b0 21.472"},"content":{"rendered":"<p class=\"qtranxs-available-languages-message qtranxs-available-languages-message-en\">Sorry, this entry is only available in <a href=\"https:\/\/www.cne.cl\/es\/wp-json\/wp\/v2\/pages\/45743\" class=\"qtranxs-available-language-link qtranxs-available-language-link-es\" title=\"Espa\u00f1ol\">European Spanish<\/a>.<\/p>","protected":false},"excerpt":{"rendered":"<p>Sorry, this entry is only available in European Spanish.<\/p>\n","protected":false},"author":3,"featured_media":0,"parent":45592,"menu_order":7,"comment_status":"closed","ping_status":"closed","template":"entrada-prensa.php","meta":[],"_links":{"self":[{"href":"https:\/\/www.cne.cl\/en\/wp-json\/wp\/v2\/pages\/45743"}],"collection":[{"href":"https:\/\/www.cne.cl\/en\/wp-json\/wp\/v2\/pages"}],"about":[{"href":"https:\/\/www.cne.cl\/en\/wp-json\/wp\/v2\/types\/page"}],"author":[{"embeddable":true,"href":"https:\/\/www.cne.cl\/en\/wp-json\/wp\/v2\/users\/3"}],"replies":[{"embeddable":true,"href":"https:\/\/www.cne.cl\/en\/wp-json\/wp\/v2\/comments?post=45743"}],"version-history":[{"count":6,"href":"https:\/\/www.cne.cl\/en\/wp-json\/wp\/v2\/pages\/45743\/revisions"}],"predecessor-version":[{"id":46333,"href":"https:\/\/www.cne.cl\/en\/wp-json\/wp\/v2\/pages\/45743\/revisions\/46333"}],"up":[{"embeddable":true,"href":"https:\/\/www.cne.cl\/en\/wp-json\/wp\/v2\/pages\/45592"}],"wp:attachment":[{"href":"https:\/\/www.cne.cl\/en\/wp-json\/wp\/v2\/media?parent=45743"}],"curies":[{"name":"wp","href":"https:\/\/api.w.org\/{rel}","templated":true}]}}